{"id":30,"date":"2023-10-08T04:33:12","date_gmt":"2023-10-08T04:33:12","guid":{"rendered":"http:\/\/noile-demo.local\/?page_id=30"},"modified":"2024-02-13T13:51:01","modified_gmt":"2024-02-13T13:51:01","slug":"solutions","status":"publish","type":"page","link":"https:\/\/plec.solutions\/tr\/solutions\/","title":{"rendered":"\u00c7\u00f6z\u00fcmler"},"content":{"rendered":"<div data-elementor-type=\"wp-page\" data-elementor-id=\"30\" class=\"elementor elementor-30\">\n\t\t\t\t<div class=\"elementor-element elementor-element-27d8903 e-con-full e-flex e-con e-parent\" data-id=\"27d8903\" data-element_type=\"container\" data-settings=\"{&quot;content_width&quot;:&quot;full&quot;}\" data-core-v316-plus=\"true\">\n\t\t\t\t<div class=\"elementor-element elementor-element-cbd4158 elementor-widget elementor-widget-noile-service\" data-id=\"cbd4158\" data-element_type=\"widget\" data-widget_type=\"noile-service.default\">\n\t\t\t\t<div class=\"elementor-widget-container\">\n\t\t\t\t<!-- Service One Start -->\r\n\t<section class=\"service-one\">\r\n\t\t<img decoding=\"async\" src=\"https:\/\/plec.solutions\/wp-content\/uploads\/2023\/10\/service-shape-1-1.png\" alt=\"service-shape-1-1\" title=\"service-shape-1-1\" class=\"service-one__shape-one\" >\t\t<div class=\"container\">\r\n\t\t\t<div class=\"service-one__carousel noile-owl__carousel owl-theme owl-carousel\" data-owl-options='        {        &quot;loop&quot;: true,        &quot;margin&quot;: 24,        &quot;items&quot;: 1        ,&quot;nav&quot;: false                                    ,&quot;autoplayHoverPause&quot;: true                        ,&quot;dots&quot;: true        ,&quot;smartSpeed&quot;: 700                    ,            &quot;responsive&quot;:            {                            &quot;0&quot;: {                &quot;margin&quot;: 24,                &quot;items&quot;: 1                },                            &quot;576&quot;: {                &quot;margin&quot;: 24,                &quot;items&quot;: 2                },                            &quot;992&quot;: {                &quot;margin&quot;: 24,                &quot;items&quot;: 3                },                            &quot;1200&quot;: {                &quot;margin&quot;: 24,                &quot;items&quot;: 4                }                        }                }    '>\r\n\t\t\t\t\t\t\t\t\t<div class=\"service-one__carousel-item item\">\r\n\t\t\t\t\t\t<div class=\"service-one__item\">\r\n\t\t\t\t\t\t\t<div><span class=\"service-one__category\">\u00c7\u00f6z\u00fcmler<\/span><\/div>\r\n\t\t\t\t\t\t\t<div class=\"service-one__icon-box service-one__img\">\r\n\t\t\t\t\t\t\t\t<span aria-hidden=\"true\" class=\"service-three__icon service-two__icon  icon-service-1\"><\/span>\t\t\t\t\t\t\t<\/div><!-- \/.service-two__icon-box -->\r\n\t\t\t\t\t\t\t<h4 class=\"service-one__text\">Otomasyon \u00c7\u00f6z\u00fcmleri &amp; Dan\u0131\u015fmanl\u0131k<\/h4>\t\t\t\t\t\t\t<a href=\"https:\/\/plec.solutions\/tr\/solutions\/automation-solutions-consultancy\/\"  class=\"service-one__btn noile-btn\">\u0130ncele +<\/a>\r\n\t\t\t\t\t\t<\/div><!-- \/.service-one__item -->\r\n\t\t\t\t\t<\/div><!-- \/.service-one__carousel-item -->\r\n\t\t\t\t\t\t\t\t\t<div class=\"service-one__carousel-item item\">\r\n\t\t\t\t\t\t<div class=\"service-one__item\">\r\n\t\t\t\t\t\t\t<div><span class=\"service-one__category\">\u00c7\u00f6z\u00fcmler<\/span><\/div>\r\n\t\t\t\t\t\t\t<div class=\"service-one__icon-box service-one__img\">\r\n\t\t\t\t\t\t\t\t<span aria-hidden=\"true\" class=\"service-three__icon service-two__icon   icon-service-2\"><\/span>\t\t\t\t\t\t\t<\/div><!-- \/.service-two__icon-box -->\r\n\t\t\t\t\t\t\t<h4 class=\"service-one__text service-one__text\">Dijital D\u00f6n\u00fc\u015f\u00fcm &amp; OEE<\/h4>\t\t\t\t\t\t\t<a href=\"https:\/\/plec.solutions\/tr\/solutions\/production-digitalisation-oee\/\"  class=\"service-one__btn noile-btn\">\u0130ncele +<\/a>\r\n\t\t\t\t\t\t<\/div><!-- \/.service-one__item -->\r\n\t\t\t\t\t<\/div><!-- \/.service-one__carousel-item -->\r\n\t\t\t\t\t\t\t\t\t<div class=\"service-one__carousel-item item\">\r\n\t\t\t\t\t\t<div class=\"service-one__item\">\r\n\t\t\t\t\t\t\t<div><span class=\"service-one__category\">\u00c7\u00f6z\u00fcmler<\/span><\/div>\r\n\t\t\t\t\t\t\t<div class=\"service-one__icon-box service-one__img\">\r\n\t\t\t\t\t\t\t\t<span aria-hidden=\"true\" class=\"service-three__icon service-two__icon   icon-service-3\"><\/span>\t\t\t\t\t\t\t<\/div><!-- \/.service-two__icon-box -->\r\n\t\t\t\t\t\t\t<h4 class=\"service-one__text service-one__text service-one__text\">ERP Geli\u015ftirme &amp; Uygulama<\/h4>\t\t\t\t\t\t\t<a href=\"https:\/\/plec.solutions\/tr\/solutions\/erp-development-implementation\/\"  class=\"service-one__btn noile-btn\">\u0130ncele +<\/a>\r\n\t\t\t\t\t\t<\/div><!-- \/.service-one__item -->\r\n\t\t\t\t\t<\/div><!-- \/.service-one__carousel-item -->\r\n\t\t\t\t\t\t\t\t\t<div class=\"service-one__carousel-item item\">\r\n\t\t\t\t\t\t<div class=\"service-one__item\">\r\n\t\t\t\t\t\t\t<div><span class=\"service-one__category\">\u00c7\u00f6z\u00fcmler<\/span><\/div>\r\n\t\t\t\t\t\t\t<div class=\"service-one__icon-box service-one__img\">\r\n\t\t\t\t\t\t\t\t<span aria-hidden=\"true\" class=\"service-three__icon service-two__icon   icon-service-4\"><\/span>\t\t\t\t\t\t\t<\/div><!-- \/.service-two__icon-box -->\r\n\t\t\t\t\t\t\t<h4 class=\"service-one__text service-one__text service-one__text service-one__text\">Ka\u011f\u0131ts\u0131z Fabrika \u00c7\u00f6z\u00fcmleri<\/h4>\t\t\t\t\t\t\t<a href=\"https:\/\/plec.solutions\/tr\/solutions\/paperless-no-code-solutions\/\"  class=\"service-one__btn noile-btn\">\u0130ncele +<\/a>\r\n\t\t\t\t\t\t<\/div><!-- \/.service-one__item -->\r\n\t\t\t\t\t<\/div><!-- \/.service-one__carousel-item -->\r\n\t\t\t\t\t\t\t<\/div><!-- \/.service-one__carousel-item -->\r\n\t\t\t<div class=\"service-one__circle-text\">\r\n\t\t\t\t<div class=\"service-one__curved-circle curved-circle\">\r\n\t\t\t\t\t<!-- curved-circle start-->\r\n\t\t\t\t\t<div class=\"service-one__curved-circle--item curved-circle--item\" data-circle-text-options='{           \"radius\": 92,           \"forceWidth\": true,           \"forceHeight\": true}'>\r\n\t\t\t\t\t\t\t\t\t\t\t<\/div>\r\n\t\t\t\t<\/div><!-- curved-circle end-->\r\n\t\t\t<\/div><!-- \/.main-slider__circle-text -->\r\n\t\t<\/div><!-- \/.container -->\r\n\t<\/section>\r\n\t<!-- Service One End -->\r\n\r\n\t\t<\/div>\n\t\t\t\t<\/div>\n\t\t\t\t<\/div>\n\t\t\t\t<\/div>","protected":false},"excerpt":{"rendered":"<p>Solutions Automation Solutions &amp; Consultancy Review + Solutions Production Digitalisation &amp; OEE Review + Solutions ERP Development &amp; Implementation Review + Solutions Paperless &amp; No-code Solutions Review +<\/p>","protected":false},"author":1,"featured_media":0,"parent":0,"menu_order":0,"comment_status":"closed","ping_status":"closed","template":"elementor_header_footer","meta":{"om_disable_all_campaigns":false,"_monsterinsights_skip_tracking":false,"_monsterinsights_sitenote_active":false,"_monsterinsights_sitenote_note":"","_monsterinsights_sitenote_category":0,"footnotes":""},"aioseo_notices":[],"_links":{"self":[{"href":"https:\/\/plec.solutions\/tr\/wp-json\/wp\/v2\/pages\/30"}],"collection":[{"href":"https:\/\/plec.solutions\/tr\/wp-json\/wp\/v2\/pages"}],"about":[{"href":"https:\/\/plec.solutions\/tr\/wp-json\/wp\/v2\/types\/page"}],"author":[{"embeddable":true,"href":"https:\/\/plec.solutions\/tr\/wp-json\/wp\/v2\/users\/1"}],"replies":[{"embeddable":true,"href":"https:\/\/plec.solutions\/tr\/wp-json\/wp\/v2\/comments?post=30"}],"version-history":[{"count":10,"href":"https:\/\/plec.solutions\/tr\/wp-json\/wp\/v2\/pages\/30\/revisions"}],"predecessor-version":[{"id":3531,"href":"https:\/\/plec.solutions\/tr\/wp-json\/wp\/v2\/pages\/30\/revisions\/3531"}],"wp:attachment":[{"href":"https:\/\/plec.solutions\/tr\/wp-json\/wp\/v2\/media?parent=30"}],"curies":[{"name":"wp","href":"https:\/\/api.w.org\/{rel}","templated":true}]}}