{"id":3219,"date":"2024-02-12T22:20:29","date_gmt":"2024-02-12T22:20:29","guid":{"rendered":"https:\/\/plec.solutions\/?page_id=3219"},"modified":"2024-02-13T13:05:05","modified_gmt":"2024-02-13T13:05:05","slug":"privacy-policy","status":"publish","type":"page","link":"https:\/\/plec.solutions\/tr\/privacy-policy\/","title":{"rendered":"Gizlilik Politikas\u0131"},"content":{"rendered":"<div data-elementor-type=\"wp-page\" data-elementor-id=\"3219\" class=\"elementor elementor-3219\">\n\t\t\t\t<div class=\"elementor-element elementor-element-e82976f e-flex e-con-boxed e-con e-parent\" data-id=\"e82976f\" data-element_type=\"container\" data-settings=\"{&quot;content_width&quot;:&quot;boxed&quot;}\" data-core-v316-plus=\"true\">\n\t\t\t\t\t<div class=\"e-con-inner\">\n\t\t\t\t<div class=\"elementor-element elementor-element-2fff351 elementor-widget elementor-widget-text-editor\" data-id=\"2fff351\" data-element_type=\"widget\" data-widget_type=\"text-editor.default\">\n\t\t\t\t<div class=\"elementor-widget-container\">\n\t\t\t<style>\/*! elementor - v3.19.0 - 07-02-2024 *\/\n.elementor-widget-text-editor.elementor-drop-cap-view-stacked .elementor-drop-cap{background-color:#69727d;color:#fff}.elementor-widget-text-editor.elementor-drop-cap-view-framed .elementor-drop-cap{color:#69727d;border:3px solid;background-color:transparent}.elementor-widget-text-editor:not(.elementor-drop-cap-view-default) .elementor-drop-cap{margin-top:8px}.elementor-widget-text-editor:not(.elementor-drop-cap-view-default) .elementor-drop-cap-letter{width:1em;height:1em}.elementor-widget-text-editor .elementor-drop-cap{float:left;text-align:center;line-height:1;font-size:50px}.elementor-widget-text-editor .elementor-drop-cap-letter{display:inline-block}<\/style>\t\t\t\t<p><span style=\"color: #000000;\">Son G\u00fcncelleme: 2024\/01\/31<\/span><\/p><p><span style=\"color: #000000;\">PLEC M\u00fchendislik ve Dan\u0131\u015fmanl\u0131k \u00c7\u00f6z\u00fcmleri'ne ho\u015f geldiniz. Bu Gizlilik Politikas\u0131, web sitemizi ve hizmetlerimizi kullan\u0131rken ki\u015fisel bilgilerin toplanmas\u0131, kullan\u0131lmas\u0131 ve a\u00e7\u0131klanmas\u0131 konusundaki uygulamalar\u0131m\u0131z\u0131 a\u00e7\u0131klar.<\/span><\/p><p><span style=\"color: #000000;\"><strong>1. Toplad\u0131\u011f\u0131m\u0131z Bilgiler:<\/strong><\/span><\/p><p><span style=\"color: #000000;\">Web sitemizi veya hizmetlerimizi kullan\u0131rken g\u00f6n\u00fcll\u00fc olarak sa\u011flad\u0131\u011f\u0131n\u0131z ki\u015fisel bilgileri topluyoruz. Bu \u015funlar\u0131 i\u00e7erebilir, ancak bunlarla s\u0131n\u0131rl\u0131 de\u011fildir:<\/span><\/p><p><span style=\"color: #000000;\">\u0130leti\u015fim bilgileri (ad, e-posta adresi, telefon numaras\u0131)<\/span><br \/><span style=\"color: #000000;\">\u015eirket bilgileri<\/span><br \/><span style=\"color: #000000;\">Kullan\u0131c\u0131 tercihleri ve ayarlar<\/span><br \/><span style=\"color: #000000;\">G\u00fcnl\u00fck ve kullan\u0131m verileri<\/span><\/p><p><span style=\"color: #000000;\"><strong>2. Bilgilerinizi Nas\u0131l Kullan\u0131yoruz:<\/strong><\/span><\/p><p><span style=\"color: #000000;\">Toplanan bilgileri \u00e7e\u015fitli ama\u00e7larla kullan\u0131yoruz, bunlar aras\u0131nda:<\/span><br \/><span style=\"color: #000000;\">Hizmetlerimizi sa\u011flama ve s\u00fcrd\u00fcrme<\/span><br \/><span style=\"color: #000000;\">Deneyiminizi ki\u015fiselle\u015ftirme<\/span><br \/><span style=\"color: #000000;\">\u0130leti\u015fim, sorulara yan\u0131t verme<\/span><br \/><span style=\"color: #000000;\">Kullan\u0131m e\u011filimlerini analiz etme ve web sitemizi ve hizmetlerimizi iyile\u015ftirme<\/span><br \/><span style=\"color: #000000;\">Hukuki y\u00fck\u00fcml\u00fcl\u00fcklere uyma<\/span><\/p><p><span style=\"color: #000000;\"><strong>3. Veri G\u00fcvenli\u011fi:<\/strong><\/span><\/p><p><span style=\"color: #000000;\">Verilerinizin g\u00fcvenli\u011fini \u00f6ncelikli olarak ele al\u0131yoruz ve ki\u015fisel bilgilerinizin yetkisiz eri\u015fim, de\u011fi\u015fiklik, a\u00e7\u0131klama veya yok edilmesine kar\u015f\u0131 korunmas\u0131 i\u00e7in end\u00fcstri standard\u0131 \u00f6nlemler uyguluyoruz.<\/span><\/p><p><span style=\"color: #000000;\"><strong>4. \u00dc\u00e7\u00fcnc\u00fc Taraf Hizmetleri:<\/strong><\/span><\/p><p><span style=\"color: #000000;\">\u00dc\u00e7\u00fcnc\u00fc taraf hizmetleri kullanabiliriz ve bunlar kendi gizlilik politikalar\u0131na sahip olabilir. Bu hizmetlerin uygulad\u0131\u011f\u0131 uygulamalardan sorumlu olmad\u0131\u011f\u0131m\u0131z\u0131 l\u00fctfen unutmay\u0131n.<\/span><\/p><p><span style=\"color: #000000;\"><strong>5. \u00c7erezler:<\/strong><\/span><\/p><p><span style=\"color: #000000;\">Deneyiminizi geli\u015ftirmek ve kullan\u0131m modelleriniz hakk\u0131nda bilgi toplamak i\u00e7in \u00e7erezleri kullan\u0131yoruz. \u00c7erezleri reddetmek i\u00e7in taray\u0131c\u0131n\u0131z\u0131 ayarlayabilirsiniz, ancak \u00e7erez olmadan web sitemizin baz\u0131 \u00f6zellikleri d\u00fczg\u00fcn \u00e7al\u0131\u015fmayabilir.<\/span><\/p><p><span style=\"color: #000000;\"><strong>6. Sizin Se\u00e7imleriniz:<\/strong><\/span><\/p><p><span style=\"color: #000000;\">Ki\u015fisel bilgilerinize eri\u015fme, d\u00fczeltme veya silme hakk\u0131n\u0131z vard\u0131r. Verilerinizle ilgili herhangi bir endi\u015feniz veya talebiniz varsa, l\u00fctfen bizimle ileti\u015fime ge\u00e7in: [consult@plec.solutions].<\/span><\/p><p><span style=\"color: #000000;\"><strong>7. Bu Gizlilik Politikas\u0131n\u0131n G\u00fcncellenmesi:<\/strong><\/span><\/p><p><span style=\"color: #000000;\">Bu Gizlilik Politikas\u0131 periyodik olarak g\u00fcncellenebilir. G\u00fcncellenmi\u015f politikay\u0131 web sitemizde yay\u0131nlayarak sizi bilgilendirece\u011fiz.<\/span><\/p><p><span style=\"color: #000000;\"><strong>8. Bizimle \u0130leti\u015fime Ge\u00e7in:<\/strong><\/span><\/p><p><span style=\"color: #000000;\">Bu Gizlilik Politikas\u0131 ile ilgili herhangi bir sorunuz veya endi\u015feniz varsa, l\u00fctfen bizimle ileti\u015fime ge\u00e7in: [consult@plec.solutions].<\/span><\/p><p><span style=\"color: #000000;\">Web sitemizi veya hizmetlerimizi kullanarak, bu Gizlilik Politikas\u0131'nda belirtilen \u015fartlara r\u0131za g\u00f6stermi\u015f olursunuz.\"<\/span><\/p>\t\t\t\t\t\t<\/div>\n\t\t\t\t<\/div>\n\t\t\t\t\t<\/div>\n\t\t\t\t<\/div>\n\t\t\t\t<\/div>","protected":false},"excerpt":{"rendered":"<p>Last Updated: 2024\/01\/31 Welcome to PLEC Solutions. This Privacy Policy outlines our practices regarding the collection, use, and disclosure of personal information when you use our website and services. 1. Information We Collect: We collect personal information that you voluntarily provide when using our website or services. This may include, but is not limited to: [&hellip;]<\/p>","protected":false},"author":1,"featured_media":0,"parent":0,"menu_order":0,"comment_status":"closed","ping_status":"closed","template":"elementor_header_footer","meta":{"om_disable_all_campaigns":false,"_monsterinsights_skip_tracking":false,"_monsterinsights_sitenote_active":false,"_monsterinsights_sitenote_note":"","_monsterinsights_sitenote_category":0,"footnotes":""},"aioseo_notices":[],"_links":{"self":[{"href":"https:\/\/plec.solutions\/tr\/wp-json\/wp\/v2\/pages\/3219"}],"collection":[{"href":"https:\/\/plec.solutions\/tr\/wp-json\/wp\/v2\/pages"}],"about":[{"href":"https:\/\/plec.solutions\/tr\/wp-json\/wp\/v2\/types\/page"}],"author":[{"embeddable":true,"href":"https:\/\/plec.solutions\/tr\/wp-json\/wp\/v2\/users\/1"}],"replies":[{"embeddable":true,"href":"https:\/\/plec.solutions\/tr\/wp-json\/wp\/v2\/comments?post=3219"}],"version-history":[{"count":14,"href":"https:\/\/plec.solutions\/tr\/wp-json\/wp\/v2\/pages\/3219\/revisions"}],"predecessor-version":[{"id":3474,"href":"https:\/\/plec.solutions\/tr\/wp-json\/wp\/v2\/pages\/3219\/revisions\/3474"}],"wp:attachment":[{"href":"https:\/\/plec.solutions\/tr\/wp-json\/wp\/v2\/media?parent=3219"}],"curies":[{"name":"wp","href":"https:\/\/api.w.org\/{rel}","templated":true}]}}