{"id":3231,"date":"2024-02-12T22:22:31","date_gmt":"2024-02-12T22:22:31","guid":{"rendered":"https:\/\/plec.solutions\/?page_id=3231"},"modified":"2024-02-13T13:05:09","modified_gmt":"2024-02-13T13:05:09","slug":"cookie-policy","status":"publish","type":"page","link":"https:\/\/plec.solutions\/tr\/cookie-policy\/","title":{"rendered":"\u00c7erez Politikas\u0131"},"content":{"rendered":"<div data-elementor-type=\"wp-page\" data-elementor-id=\"3231\" class=\"elementor elementor-3231\">\n\t\t\t\t<div class=\"elementor-element elementor-element-e82976f e-flex e-con-boxed e-con e-parent\" data-id=\"e82976f\" data-element_type=\"container\" data-settings=\"{&quot;content_width&quot;:&quot;boxed&quot;}\" data-core-v316-plus=\"true\">\n\t\t\t\t\t<div class=\"e-con-inner\">\n\t\t\t\t<div class=\"elementor-element elementor-element-2fff351 elementor-widget elementor-widget-text-editor\" data-id=\"2fff351\" data-element_type=\"widget\" data-widget_type=\"text-editor.default\">\n\t\t\t\t<div class=\"elementor-widget-container\">\n\t\t\t<style>\/*! elementor - v3.19.0 - 07-02-2024 *\/\n.elementor-widget-text-editor.elementor-drop-cap-view-stacked .elementor-drop-cap{background-color:#69727d;color:#fff}.elementor-widget-text-editor.elementor-drop-cap-view-framed .elementor-drop-cap{color:#69727d;border:3px solid;background-color:transparent}.elementor-widget-text-editor:not(.elementor-drop-cap-view-default) .elementor-drop-cap{margin-top:8px}.elementor-widget-text-editor:not(.elementor-drop-cap-view-default) .elementor-drop-cap-letter{width:1em;height:1em}.elementor-widget-text-editor .elementor-drop-cap{float:left;text-align:center;line-height:1;font-size:50px}.elementor-widget-text-editor .elementor-drop-cap-letter{display:inline-block}<\/style>\t\t\t\t<p><span style=\"color: #000000;\">Son G\u00fcncelleme: 2024\/01\/31<\/span><\/p><p><span style=\"color: #000000;\">PLEC \u00c7\u00f6z\u00fcmleri'ne ho\u015f geldiniz. Bu \u00c7erez Politikas\u0131, web sitemizi ziyaret etti\u011finizde \u00e7erezleri ve benzeri teknolojileri nas\u0131l kulland\u0131\u011f\u0131m\u0131z\u0131 a\u00e7\u0131klar.<\/span><\/p><p><span style=\"color: #000000;\"><strong>1. \u00c7erez Nedir:<\/strong><\/span><\/p><p><span style=\"color: #000000;\">\u00c7erezler, bir web sitesini ziyaret etti\u011finizde cihaz\u0131n\u0131za yerle\u015ftirilen k\u00fc\u00e7\u00fck metin dosyalar\u0131d\u0131r. Tercihlerinizi hat\u0131rlayarak ve istatistiksel ama\u00e7lar i\u00e7in anonim veri sa\u011flayarak deneyiminizi geli\u015ftirmemize yard\u0131mc\u0131 olurlar.<\/span><\/p><p><span style=\"color: #000000;\"><strong>2. Kulland\u0131\u011f\u0131m\u0131z \u00c7e\u015fitli \u00c7erezler:<\/strong><\/span><\/p><p><span style=\"color: #000000;\">Temel \u00c7erezler: Gezinme ve g\u00fcvenli alanlara eri\u015fim de dahil olmak \u00fczere web sitemizin d\u00fczg\u00fcn \u00e7al\u0131\u015fmas\u0131 i\u00e7in gereklidir.<\/span><\/p><p><span style=\"color: #000000;\">Analitik\/Performans \u00c7erezleri: Ziyaret\u00e7i say\u0131s\u0131n\u0131 tan\u0131mam\u0131za ve saymam\u0131za, gezinme modellerini analiz etmemize ve sitemizin genel performans\u0131n\u0131 iyile\u015ftirmemize olanak tan\u0131r.<\/span><\/p><p><span style=\"color: #000000;\"><strong>\u0130\u015flevsellik \u00c7erezleri:<\/strong><\/span><\/p><p class=\" translation-block\"><span style=\"color: #000000\">Ki\u015fiselle\u015ftirilmi\u015f bir deneyim sunmak i\u00e7in tercihlerinizi ve se\u00e7eneklerinizi unutmay\u0131n.<\/span><br><span style=\"color: #000000\">Hedefleme\/Reklam \u00c7erezleri: Ziyaretinizi kaydedin sitemize, ziyaret etti\u011finiz sayfalara ve takip etti\u011finiz ba\u011flant\u0131lara. Bu bilgileri web sitemizi ve burada g\u00f6r\u00fcnt\u00fclenen reklamlar\u0131 ilgi alanlar\u0131n\u0131za daha uygun hale getirmek i\u00e7in kullanabiliriz.<\/span><\/p><p><span style=\"color: #000000;\"><strong>3. \u00c7erezleri Nas\u0131l Kullan\u0131yoruz:<\/strong><\/span><\/p><p><span style=\"color: #000000;\">\u00c7erezleri a\u015fa\u011f\u0131daki ama\u00e7larla kullan\u0131yoruz:<\/span><br \/><span style=\"color: #000000;\">Web sitemizin i\u015flevselli\u011fini ve performans\u0131n\u0131 geli\u015ftirmek.<\/span><br \/><span style=\"color: #000000;\">Ziyaret\u00e7ilerin sitemizle nas\u0131l etkile\u015fimde bulundu\u011funu anlamak.<\/span><br \/><span style=\"color: #000000;\">Ki\u015fiselle\u015ftirilmi\u015f bir deneyim sunmak.<\/span><\/p><p><span style=\"color: #000000;\"><strong>4. \u00dc\u00e7\u00fcnc\u00fc Taraf Hizmetleri:<\/strong><\/span><\/p><p><span style=\"color: #000000;\">\u00dc\u00e7\u00fcnc\u00fc taraf hizmetleri kullanabiliriz ve bunlar kendi gizlilik politikalar\u0131na sahip olabilir. Bu hizmetlerin uygulad\u0131\u011f\u0131 uygulamalardan sorumlu olmad\u0131\u011f\u0131m\u0131z\u0131 l\u00fctfen unutmay\u0131n.<\/span><\/p><p><span style=\"color: #000000;\"><strong>5. \u00c7erezler:<\/strong><\/span><\/p><p><span style=\"color: #000000;\">Deneyiminizi geli\u015ftirmek ve kullan\u0131m modelleriniz hakk\u0131nda bilgi toplamak i\u00e7in \u00e7erezleri kullan\u0131yoruz. \u00c7erezleri reddetmek i\u00e7in taray\u0131c\u0131n\u0131z\u0131 ayarlayabilirsiniz, ancak \u00e7erez olmadan web sitemizin baz\u0131 \u00f6zellikleri d\u00fczg\u00fcn \u00e7al\u0131\u015fmayabilir.<\/span><\/p><p><span style=\"color: #000000;\"><strong>6. Bu \u00c7erez Politikas\u0131ndaki G\u00fcncellemeler:<\/strong><\/span><\/p><p><span style=\"color: #000000;\">Bu \u00c7erez Politikas\u0131n\u0131 zaman zaman g\u00fcncelleyebiliriz. Herhangi bir de\u011fi\u015fiklik ge\u00e7erlilik tarihiyle birlikte bu sayfada yay\u0131nlanacakt\u0131r.<\/span><\/p><p><span style=\"color: #000000;\"><strong>7. Bize Ula\u015f\u0131n:<\/strong><\/span><\/p><p><span style=\"color: #000000;\">\u00c7erez kullan\u0131m\u0131m\u0131zla ilgili herhangi bir sorunuz veya endi\u015feniz varsa l\u00fctfen bizimle [consult@plec.solutions] adresinden ileti\u015fime ge\u00e7in.<\/span><\/p><p><span style=\"color: #000000;\">Web sitemizi kullanmaya devam ederek \u00e7erezlerin bu \u00c7erez Politikas\u0131nda a\u00e7\u0131klanan \u015fekilde kullan\u0131lmas\u0131n\u0131 kabul etmi\u015f olursunuz.<\/span><\/p>\t\t\t\t\t\t<\/div>\n\t\t\t\t<\/div>\n\t\t\t\t\t<\/div>\n\t\t\t\t<\/div>\n\t\t\t\t<\/div>","protected":false},"excerpt":{"rendered":"<p>Last Updated: 2024\/01\/31 Welcome to PLEC Solutions. This Cookie Policy explains how we use cookies and similar technologies when you visit our website. 1. What Are Cookies: Cookies are small text files placed on your device when you visit a website. They help us enhance your experience by remembering your preferences and providing anonymous data [&hellip;]<\/p>","protected":false},"author":1,"featured_media":0,"parent":0,"menu_order":0,"comment_status":"closed","ping_status":"closed","template":"elementor_header_footer","meta":{"om_disable_all_campaigns":false,"_monsterinsights_skip_tracking":false,"_monsterinsights_sitenote_active":false,"_monsterinsights_sitenote_note":"","_monsterinsights_sitenote_category":0,"footnotes":""},"aioseo_notices":[],"_links":{"self":[{"href":"https:\/\/plec.solutions\/tr\/wp-json\/wp\/v2\/pages\/3231"}],"collection":[{"href":"https:\/\/plec.solutions\/tr\/wp-json\/wp\/v2\/pages"}],"about":[{"href":"https:\/\/plec.solutions\/tr\/wp-json\/wp\/v2\/types\/page"}],"author":[{"embeddable":true,"href":"https:\/\/plec.solutions\/tr\/wp-json\/wp\/v2\/users\/1"}],"replies":[{"embeddable":true,"href":"https:\/\/plec.solutions\/tr\/wp-json\/wp\/v2\/comments?post=3231"}],"version-history":[{"count":5,"href":"https:\/\/plec.solutions\/tr\/wp-json\/wp\/v2\/pages\/3231\/revisions"}],"predecessor-version":[{"id":3475,"href":"https:\/\/plec.solutions\/tr\/wp-json\/wp\/v2\/pages\/3231\/revisions\/3475"}],"wp:attachment":[{"href":"https:\/\/plec.solutions\/tr\/wp-json\/wp\/v2\/media?parent=3231"}],"curies":[{"name":"wp","href":"https:\/\/api.w.org\/{rel}","templated":true}]}}