{"id":3233,"date":"2024-02-12T22:22:42","date_gmt":"2024-02-12T22:22:42","guid":{"rendered":"https:\/\/plec.solutions\/?page_id=3233"},"modified":"2024-02-13T13:06:43","modified_gmt":"2024-02-13T13:06:43","slug":"kvkk-notification","status":"publish","type":"page","link":"https:\/\/plec.solutions\/tr\/kvkk-notification\/","title":{"rendered":"KVKK Bildirimi"},"content":{"rendered":"<div data-elementor-type=\"wp-page\" data-elementor-id=\"3233\" class=\"elementor elementor-3233\">\n\t\t\t\t<div class=\"elementor-element elementor-element-e82976f e-flex e-con-boxed e-con e-parent\" data-id=\"e82976f\" data-element_type=\"container\" data-settings=\"{&quot;content_width&quot;:&quot;boxed&quot;}\" data-core-v316-plus=\"true\">\n\t\t\t\t\t<div class=\"e-con-inner\">\n\t\t\t\t<div class=\"elementor-element elementor-element-2fff351 elementor-widget elementor-widget-text-editor\" data-id=\"2fff351\" data-element_type=\"widget\" data-widget_type=\"text-editor.default\">\n\t\t\t\t<div class=\"elementor-widget-container\">\n\t\t\t<style>\/*! elementor - v3.19.0 - 07-02-2024 *\/\n.elementor-widget-text-editor.elementor-drop-cap-view-stacked .elementor-drop-cap{background-color:#69727d;color:#fff}.elementor-widget-text-editor.elementor-drop-cap-view-framed .elementor-drop-cap{color:#69727d;border:3px solid;background-color:transparent}.elementor-widget-text-editor:not(.elementor-drop-cap-view-default) .elementor-drop-cap{margin-top:8px}.elementor-widget-text-editor:not(.elementor-drop-cap-view-default) .elementor-drop-cap-letter{width:1em;height:1em}.elementor-widget-text-editor .elementor-drop-cap{float:left;text-align:center;line-height:1;font-size:50px}.elementor-widget-text-editor .elementor-drop-cap-letter{display:inline-block}<\/style>\t\t\t\t<p><span style=\"color: #000000;\">plec.solutions olarak, ki\u015fisel verilerinizin \u00f6zel hayat\u0131n gizlili\u011fi ilkesine uygun olarak ve bireylerin temel hak ve \u00f6zg\u00fcrl\u00fcklerinin korunmas\u0131 ilkesine uygun olarak saklanmas\u0131, i\u015flenmesi ve aktar\u0131lmas\u0131 s\u00fcre\u00e7lerinde Veri Sorumlusu olarak gerekli \u00f6nlemleri almaktay\u0131z. mevzuat.<\/span><\/p><p><span style=\"color: #000000;\">Ki\u015fisel Verilerin Korunmas\u0131 Kanunu (KVKK) ve yasal d\u00fczenlemeler \u00e7er\u00e7evesinde ki\u015fisel verilerinizin i\u015flenmesi, saklanmas\u0131 ve aktar\u0131lmas\u0131na ili\u015fkin ilgili ki\u015fileri bilgilendirmek amac\u0131yla Ki\u015fisel Verilerin \u0130\u015flenmesi Ayd\u0131nlatma Metnimizi (\u201cAyd\u0131nlatma Metni\u201d) haz\u0131rlad\u0131k. Bu sayfadan veri sorumlusu olarak bilgilerimize, ki\u015fisel verilerinizin hangi ama\u00e7la i\u015flenece\u011fi, kimlere ve hangi ama\u00e7la aktar\u0131labilece\u011fi, ki\u015fisel veri toplaman\u0131n y\u00f6ntemi ve hukuki sebebi ile ki\u015fisel verilerinize ili\u015fkin t\u00fcm bilgilere ula\u015fabilirsiniz. KVKK'da say\u0131lan haklar.<\/span><\/p><p><span style=\"color: #000000;\">Gerekti\u011finde Bilgilendirme Metninde de\u011fi\u015fiklik yapabiliriz. De\u011fi\u015fiklikler yay\u0131nland\u0131\u011f\u0131 anda ge\u00e7erlilik kazanacakt\u0131r.<\/span><\/p>\t\t\t\t\t\t<\/div>\n\t\t\t\t<\/div>\n\t\t\t\t\t<\/div>\n\t\t\t\t<\/div>\n\t\t\t\t<\/div>","protected":false},"excerpt":{"rendered":"<p>As plec.solutions, we take the necessary precautions as the Data Controller during the processes of preserving, processing and transferring your personal data in accordance with the principle of privacy of private life and the protection of fundamental rights and freedoms of individuals in accordance with the legislation. We have prepared our Personal Data Processing Information [&hellip;]<\/p>","protected":false},"author":1,"featured_media":0,"parent":0,"menu_order":0,"comment_status":"closed","ping_status":"closed","template":"elementor_header_footer","meta":{"om_disable_all_campaigns":false,"_monsterinsights_skip_tracking":false,"_monsterinsights_sitenote_active":false,"_monsterinsights_sitenote_note":"","_monsterinsights_sitenote_category":0,"footnotes":""},"aioseo_notices":[],"_links":{"self":[{"href":"https:\/\/plec.solutions\/tr\/wp-json\/wp\/v2\/pages\/3233"}],"collection":[{"href":"https:\/\/plec.solutions\/tr\/wp-json\/wp\/v2\/pages"}],"about":[{"href":"https:\/\/plec.solutions\/tr\/wp-json\/wp\/v2\/types\/page"}],"author":[{"embeddable":true,"href":"https:\/\/plec.solutions\/tr\/wp-json\/wp\/v2\/users\/1"}],"replies":[{"embeddable":true,"href":"https:\/\/plec.solutions\/tr\/wp-json\/wp\/v2\/comments?post=3233"}],"version-history":[{"count":8,"href":"https:\/\/plec.solutions\/tr\/wp-json\/wp\/v2\/pages\/3233\/revisions"}],"predecessor-version":[{"id":3476,"href":"https:\/\/plec.solutions\/tr\/wp-json\/wp\/v2\/pages\/3233\/revisions\/3476"}],"wp:attachment":[{"href":"https:\/\/plec.solutions\/tr\/wp-json\/wp\/v2\/media?parent=3233"}],"curies":[{"name":"wp","href":"https:\/\/api.w.org\/{rel}","templated":true}]}}