{"id":3480,"date":"2024-02-13T13:10:40","date_gmt":"2024-02-13T13:10:40","guid":{"rendered":"https:\/\/plec.solutions\/?page_id=3480"},"modified":"2025-01-26T23:18:52","modified_gmt":"2025-01-26T20:18:52","slug":"automation-solutions-consultancy","status":"publish","type":"page","link":"https:\/\/plec.solutions\/tr\/solutions\/automation-solutions-consultancy\/","title":{"rendered":"Otomasyon \u00c7\u00f6z\u00fcmleri &amp; Dan\u0131\u015fmanl\u0131k"},"content":{"rendered":"<div data-elementor-type=\"wp-page\" data-elementor-id=\"3480\" class=\"elementor elementor-3480\">\n\t\t\t\t<div class=\"elementor-element elementor-element-3ed9e33 e-flex e-con-boxed e-con e-parent\" data-id=\"3ed9e33\" data-element_type=\"container\" data-settings=\"{&quot;content_width&quot;:&quot;boxed&quot;}\" data-core-v316-plus=\"true\">\n\t\t\t\t\t<div class=\"e-con-inner\">\n\t\t<div class=\"elementor-element elementor-element-325425d e-con-full e-flex e-con e-child\" data-id=\"325425d\" data-element_type=\"container\" data-settings=\"{&quot;content_width&quot;:&quot;full&quot;}\">\n\t\t\t\t<div class=\"elementor-element elementor-element-ee578fc elementor-widget elementor-widget-sidebar-nav\" data-id=\"ee578fc\" data-element_type=\"widget\" data-widget_type=\"sidebar-nav.default\">\n\t\t\t\t<div class=\"elementor-widget-container\">\n\t\t\t    <div class=\"page-sidebar__service page-sidebar__single wow animated fadeInLeft\" data-wow-delay=\"0.1s\" data-wow-duration=\"1500ms\">\r\n        <h3 class=\"page-sidebar__title\">\u00c7\u00f6z\u00fcmler<\/h3>        <div class=\"menu-services-list-container\"><ul id=\"menu-services-list\" class=\"page-sidebar__service-list\"><li id=\"menu-item-3518\" class=\"menu-item menu-item-type-post_type menu-item-object-page megamenu-hide menu-item-3518\"><a href=\"https:\/\/plec.solutions\/tr\/solutions\/automation-solutions-consultancy\/\">Otomasyon \u00c7\u00f6z\u00fcmleri &amp; Dan\u0131\u015fmanl\u0131k<\/a><\/li>\n<li id=\"menu-item-3519\" class=\"menu-item menu-item-type-post_type menu-item-object-page megamenu-hide menu-item-3519\"><a href=\"https:\/\/plec.solutions\/tr\/solutions\/erp-development-implementation\/\">ERP Geli\u015ftirme &amp; Uygulama<\/a><\/li>\n<li id=\"menu-item-3521\" class=\"menu-item menu-item-type-post_type menu-item-object-page megamenu-hide menu-item-3521\"><a href=\"https:\/\/plec.solutions\/tr\/solutions\/production-digitalisation-oee\/\">Dijital D\u00f6n\u00fc\u015f\u00fcm &amp; OEE<\/a><\/li>\n<li id=\"menu-item-3520\" class=\"menu-item menu-item-type-post_type menu-item-object-page megamenu-hide menu-item-3520\"><a href=\"https:\/\/plec.solutions\/tr\/solutions\/paperless-no-code-solutions\/\">Ka\u011f\u0131ts\u0131z Fabrika \u00c7\u00f6z\u00fcmleri<\/a><\/li>\n<\/ul><\/div>        <\/ul>\r\n    <\/div><!-- \/.blog-sidebar__service -->\r\n\t\t<\/div>\n\t\t\t\t<\/div>\n\t\t\t\t<div class=\"elementor-element elementor-element-9a233e9 elementor-widget elementor-widget-sidebar-social-info\" data-id=\"9a233e9\" data-element_type=\"widget\" data-widget_type=\"sidebar-social-info.default\">\n\t\t\t\t<div class=\"elementor-widget-container\">\n\t\t\t    <div class=\"page-sidebar__social page-sidebar__single wow animated fadeInLeft\" data-wow-delay=\"0.1s\" data-wow-duration=\"1500ms\">\r\n        <h3 class=\"page-sidebar__title\">Takip Edin<\/h3>        <div class=\"page-sidebar__social-list social-list\">\r\n           \r\n                            <a class=\"page-sidebar__social-link social-link\"   href=\"https:\/\/www.linkedin.com\/company\/plec-solutions\/\">\r\n                    <i aria-hidden=\"true\" class=\"icon-linkedin\"><\/i>                <\/a>\r\n                    <\/div>\r\n    <\/div><!-- \/.page-sidebar__social -->\r\n\r\n\t\t<\/div>\n\t\t\t\t<\/div>\n\t\t\t\t<div class=\"elementor-element elementor-element-06e38ae elementor-widget elementor-widget-noile-sidebar-call-to-action\" data-id=\"06e38ae\" data-element_type=\"widget\" data-widget_type=\"noile-sidebar-call-to-action.default\">\n\t\t\t\t<div class=\"elementor-widget-container\">\n\t\t\t    <div class=\"page-sidebar__contact page-sidebar__single wow animated fadeInLeft\" data-wow-delay=\"0.1s\" data-wow-duration=\"1500ms\" style=\"background-image: url('https:\/\/bracketweb.com\/noilewp\/wp-content\/uploads\/2023\/10\/sidebar-contact-bg.jpg');\">\r\n        <div class=\"page-sidebar__contact-wrap\">\r\n            <h3 class=\"page-sidebar__contact-title\">Sorunuz Varsa \u00dccretsiz \u0130leti\u015fime Ge\u00e7in<\/h3>            <a href=\"tel: 90-533-216-56-46\" class=\"page-sidebar__contact-btn\">\r\n                <span class=\"page-sidebar__contact-icon icon-phone\"><\/span>\r\n                <h4 class=\"page-sidebar__contact-text\"> +90 533 216 56 46<\/h4>\r\n            <\/a>\r\n        <\/div>\r\n    <\/div><!-- \/.page-sidebar__contact -->\r\n\t\t<\/div>\n\t\t\t\t<\/div>\n\t\t\t\t<\/div>\n\t\t<div class=\"elementor-element elementor-element-7c97ebc e-con-full e-flex e-con e-child\" data-id=\"7c97ebc\" data-element_type=\"container\" data-settings=\"{&quot;content_width&quot;:&quot;full&quot;}\">\n\t\t<div class=\"elementor-element elementor-element-ed30712 e-con-full e-flex e-con e-child\" data-id=\"ed30712\" data-element_type=\"container\" data-settings=\"{&quot;content_width&quot;:&quot;full&quot;}\">\n\t\t\t\t<div class=\"elementor-element elementor-element-2995617 elementor-widget elementor-widget-image\" data-id=\"2995617\" data-element_type=\"widget\" data-widget_type=\"image.default\">\n\t\t\t\t<div class=\"elementor-widget-container\">\n\t\t\t<style>\/*! elementor - v3.19.0 - 07-02-2024 *\/\n.elementor-widget-image{text-align:center}.elementor-widget-image a{display:inline-block}.elementor-widget-image a img[src$=\".svg\"]{width:48px}.elementor-widget-image img{vertical-align:middle;display:inline-block}<\/style>\t\t\t\t\t\t\t\t\t\t<img fetchpriority=\"high\" decoding=\"async\" width=\"856\" height=\"500\" src=\"https:\/\/plec.solutions\/wp-content\/uploads\/2024\/02\/Automation-Solutions-Consultancy.jpg\" class=\"attachment-full size-full wp-image-3657\" alt=\"\" srcset=\"https:\/\/plec.solutions\/wp-content\/uploads\/2024\/02\/Automation-Solutions-Consultancy.jpg 856w, https:\/\/plec.solutions\/wp-content\/uploads\/2024\/02\/Automation-Solutions-Consultancy-300x175.jpg 300w, https:\/\/plec.solutions\/wp-content\/uploads\/2024\/02\/Automation-Solutions-Consultancy-768x449.jpg 768w, https:\/\/plec.solutions\/wp-content\/uploads\/2024\/02\/Automation-Solutions-Consultancy-18x12.jpg 18w, https:\/\/plec.solutions\/wp-content\/uploads\/2024\/02\/Automation-Solutions-Consultancy-570x333.jpg 570w\" sizes=\"(max-width: 856px) 100vw, 856px\" \/>\t\t\t\t\t\t\t\t\t\t\t\t\t<\/div>\n\t\t\t\t<\/div>\n\t\t\t\t<div class=\"elementor-element elementor-element-3ae581f elementor-widget elementor-widget-text-editor\" data-id=\"3ae581f\" data-element_type=\"widget\" data-widget_type=\"text-editor.default\">\n\t\t\t\t<div class=\"elementor-widget-container\">\n\t\t\t<style>\/*! elementor - v3.19.0 - 07-02-2024 *\/\n.elementor-widget-text-editor.elementor-drop-cap-view-stacked .elementor-drop-cap{background-color:#69727d;color:#fff}.elementor-widget-text-editor.elementor-drop-cap-view-framed .elementor-drop-cap{color:#69727d;border:3px solid;background-color:transparent}.elementor-widget-text-editor:not(.elementor-drop-cap-view-default) .elementor-drop-cap{margin-top:8px}.elementor-widget-text-editor:not(.elementor-drop-cap-view-default) .elementor-drop-cap-letter{width:1em;height:1em}.elementor-widget-text-editor .elementor-drop-cap{float:left;text-align:center;line-height:1;font-size:50px}.elementor-widget-text-editor .elementor-drop-cap-letter{display:inline-block}<\/style>\t\t\t\t<h1 class=\"service-details-page__top-service-title\">Otomasyon \u00c7\u00f6z\u00fcmleri &amp; Dan\u0131\u015fmanl\u0131k<\/h1>\t\t\t\t\t\t<\/div>\n\t\t\t\t<\/div>\n\t\t\t\t<div class=\"elementor-element elementor-element-92a8970 elementor-widget elementor-widget-text-editor\" data-id=\"92a8970\" data-element_type=\"widget\" data-widget_type=\"text-editor.default\">\n\t\t\t\t<div class=\"elementor-widget-container\">\n\t\t\t\t\t\t\t<p><strong>\u0130novatif Otomasyon ile \u0130\u015finizi G\u00fc\u00e7lendirme<\/strong><\/p><p>Verimlili\u011fin ve hassasiyetin kilit oldu\u011fu bir d\u00fcnyada, PLEC, size i\u015finizi ileri ta\u015f\u0131yacak ve rekabet avantaj\u0131n\u0131z\u0131 art\u0131racak d\u00f6n\u00fc\u015ft\u00fcr\u00fcc\u00fc otomasyon \u00e7\u00f6z\u00fcmleriyle ilgili \u00f6zverili bir ortak olarak kar\u015f\u0131n\u0131za \u00e7\u0131k\u0131yor.<\/p><p><strong>Otomasyon \u00c7\u00f6z\u00fcmlerimize Yakla\u015f\u0131m\u0131m\u0131z:<\/strong><\/p><p>\u0130htiyaca Uyarlanm\u0131\u015f: Her i\u015fin benzersiz oldu\u011funun fark\u0131nday\u0131z. Uzman ekibimiz, \u00f6zel zorluklar\u0131n\u0131z\u0131 ve hedeflerinizi anlamak i\u00e7in sizinle s\u0131k\u0131 bir \u015fekilde i\u015fbirli\u011fi yapar. Bu ki\u015fisel yakla\u015f\u0131m, i\u015flemlerinizle sorunsuz bir \u015fekilde uyum sa\u011flayan otomasyon \u00e7\u00f6z\u00fcmleri tasarlamam\u0131za ve uygulamam\u0131za olanak tan\u0131r, yeni bir verimlilik ve \u00fcretkenlik seviyesine ge\u00e7i\u015f yapman\u0131za yard\u0131mc\u0131 olur.<\/p><p>Son Teknoloji: PLEC olarak, otomasyon teknolojisinin en son yeniliklerinin g\u00fcc\u00fcnden yararlan\u0131yoruz. \u00c7\u00f6z\u00fcmlerimiz, sadece end\u00fcstri standartlar\u0131n\u0131 kar\u015f\u0131lamakla kalmaz, ayn\u0131 zamanda m\u00fcmk\u00fcn olan\u0131n s\u0131n\u0131rlar\u0131n\u0131 zorlar. \u00d6nc\u00fc teknoloji sa\u011flay\u0131c\u0131lar\u0131yla i\u015fbirli\u011fi yaparak, otomasyon sistemlerinizin ilerlemenin \u00f6n\u00fcnde oldu\u011funu garanti alt\u0131na al\u0131yoruz.<\/p><p>U\u00e7tan Uca Dan\u0131\u015fmanl\u0131k: Sadece istisnai otomasyon \u00e7\u00f6z\u00fcmleri sunmakla kalmay\u0131p, ayn\u0131 zamanda kapsaml\u0131 dan\u0131\u015fmanl\u0131k hizmetleri de sunuyoruz. \u0130lk de\u011ferlendirmelerden ba\u015flayarak strateji geli\u015ftirmeye ve uygulamaya kadar dan\u0131\u015fmanl\u0131k hizmetlerimiz otomasyonun t\u00fcm y\u00f6nlerini kapsar. Otomasyonu ilk kez ke\u015ffetmeye haz\u0131rlan\u0131yorsan\u0131z veya mevcut s\u00fcre\u00e7leri optimize etmeye \u00e7al\u0131\u015f\u0131yorsan\u0131z, dan\u0131\u015fmanl\u0131k ekibimiz sizi y\u00f6nlendirmek i\u00e7in burada.<\/p><p><strong>Neden PLEC'i Otomasyon \u00c7\u00f6z\u00fcmleri ve Dan\u0131\u015fmanl\u0131k \u0130\u00e7in Se\u00e7melisiniz?<\/strong><\/p><p>Kan\u0131tlanm\u0131\u015f Uzmanl\u0131k: Alan\u0131ndaki y\u0131llar\u0131n deneyimiyle, PLEC g\u00fcvenilir ve inovatif otomasyon \u00e7\u00f6z\u00fcmleri sunma konusunda bir itibar kazanm\u0131\u015ft\u0131r. Portf\u00f6y\u00fcm\u00fcz \u00e7e\u015fitli end\u00fcstrilere yay\u0131lm\u0131\u015f, \u00e7ok \u00e7e\u015fitli i\u015f ortamlar\u0131na uyum sa\u011flama yetene\u011fimizi sergilemektedir.<br \/>\u0130\u015fbirli\u011fine Dayal\u0131 \u0130\u015f Ortakl\u0131\u011f\u0131: M\u00fc\u015fterilerimizle kal\u0131c\u0131 ili\u015fkiler in\u015fa etmeye inan\u0131yoruz. \u0130\u015fbirlik\u00e7i yakla\u015f\u0131m\u0131m\u0131z, sizi otomasyon yolculu\u011funun bir par\u00e7as\u0131 haline getirir, kavramdan uygulamaya ve \u00f6tesine kadar. Ba\u015far\u0131n\u0131z bizim ba\u015far\u0131m\u0131zd\u0131r ve i\u015f hedeflerinizi ba\u015farmak i\u00e7in adanm\u0131\u015f\u0131z.<\/p><p>S\u00fcrekli Destek: Taahh\u00fctlerimiz otomasyon \u00e7\u00f6z\u00fcmlerinin uygulanmas\u0131yla bitmez. PLEC, sistemlerinizin maksimum performansta \u00e7al\u0131\u015fmas\u0131n\u0131 sa\u011flamak i\u00e7in s\u00fcrekli destek ve bak\u0131m sa\u011flar. \u0130\u015finiz de\u011fi\u015ftik\u00e7e otomasyon \u00e7\u00f6z\u00fcmlerinizi de\u011fi\u015ftirerek yeni gereksinimlere ayak uyduruyoruz.<\/p><p>Daha etkili ve ak\u0131\u015fkan bir gelece\u011fe do\u011fru bir ad\u0131m atmak i\u00e7in PLEC'in Otomasyon \u00c7\u00f6z\u00fcmleri ve Dan\u0131\u015fmanl\u0131\u011f\u0131 ile ileti\u015fime ge\u00e7in. Bug\u00fcn bize ula\u015farak i\u015finizi ileriye ta\u015f\u0131yacak en son otomasyon teknolojisi ve uzman rehberlikle nas\u0131l g\u00fc\u00e7lendirebilece\u011fimizi ke\u015ffedin.<\/p>\t\t\t\t\t\t<\/div>\n\t\t\t\t<\/div>\n\t\t\t\t<\/div>\n\t\t\t\t<\/div>\n\t\t\t\t\t<\/div>\n\t\t\t\t<\/div>\n\t\t\t\t<\/div>","protected":false},"excerpt":{"rendered":"<p>Solutions Automation Solutions &#038; Consultancy ERP Development &#038; Implementation Production Digitalisation &#038; OEE Paperless &#038; No-code Solutions Follow Us Have Any Query Feel Free Contact +90 533 216 56 46 Automation Solutions &amp; Consultancy Empowering Your Business with Innovative Automation In a world where efficiency and precision are paramount, PLEC stands as your dedicated partner [&hellip;]<\/p>","protected":false},"author":1,"featured_media":0,"parent":30,"menu_order":0,"comment_status":"closed","ping_status":"closed","template":"elementor_header_footer","meta":{"om_disable_all_campaigns":false,"_monsterinsights_skip_tracking":false,"_monsterinsights_sitenote_active":false,"_monsterinsights_sitenote_note":"","_monsterinsights_sitenote_category":0,"footnotes":""},"aioseo_notices":[],"_links":{"self":[{"href":"https:\/\/plec.solutions\/tr\/wp-json\/wp\/v2\/pages\/3480"}],"collection":[{"href":"https:\/\/plec.solutions\/tr\/wp-json\/wp\/v2\/pages"}],"about":[{"href":"https:\/\/plec.solutions\/tr\/wp-json\/wp\/v2\/types\/page"}],"author":[{"embeddable":true,"href":"https:\/\/plec.solutions\/tr\/wp-json\/wp\/v2\/users\/1"}],"replies":[{"embeddable":true,"href":"https:\/\/plec.solutions\/tr\/wp-json\/wp\/v2\/comments?post=3480"}],"version-history":[{"count":28,"href":"https:\/\/plec.solutions\/tr\/wp-json\/wp\/v2\/pages\/3480\/revisions"}],"predecessor-version":[{"id":4140,"href":"https:\/\/plec.solutions\/tr\/wp-json\/wp\/v2\/pages\/3480\/revisions\/4140"}],"up":[{"embeddable":true,"href":"https:\/\/plec.solutions\/tr\/wp-json\/wp\/v2\/pages\/30"}],"wp:attachment":[{"href":"https:\/\/plec.solutions\/tr\/wp-json\/wp\/v2\/media?parent=3480"}],"curies":[{"name":"wp","href":"https:\/\/api.w.org\/{rel}","templated":true}]}}