{"id":3508,"date":"2024-02-13T13:45:50","date_gmt":"2024-02-13T13:45:50","guid":{"rendered":"https:\/\/plec.solutions\/?page_id=3508"},"modified":"2025-01-26T23:19:42","modified_gmt":"2025-01-26T20:19:42","slug":"erp-development-implementation","status":"publish","type":"page","link":"https:\/\/plec.solutions\/tr\/solutions\/erp-development-implementation\/","title":{"rendered":"ERP Geli\u015ftirme &amp; Uygulama"},"content":{"rendered":"<div data-elementor-type=\"wp-page\" data-elementor-id=\"3508\" class=\"elementor elementor-3508\">\n\t\t\t\t<div class=\"elementor-element elementor-element-3ed9e33 e-flex e-con-boxed e-con e-parent\" data-id=\"3ed9e33\" data-element_type=\"container\" data-settings=\"{&quot;content_width&quot;:&quot;boxed&quot;}\" data-core-v316-plus=\"true\">\n\t\t\t\t\t<div class=\"e-con-inner\">\n\t\t<div class=\"elementor-element elementor-element-325425d e-con-full e-flex e-con e-child\" data-id=\"325425d\" data-element_type=\"container\" data-settings=\"{&quot;content_width&quot;:&quot;full&quot;}\">\n\t\t\t\t<div class=\"elementor-element elementor-element-ee578fc elementor-widget elementor-widget-sidebar-nav\" data-id=\"ee578fc\" data-element_type=\"widget\" data-widget_type=\"sidebar-nav.default\">\n\t\t\t\t<div class=\"elementor-widget-container\">\n\t\t\t    <div class=\"page-sidebar__service page-sidebar__single wow animated fadeInLeft\" data-wow-delay=\"0.1s\" data-wow-duration=\"1500ms\">\r\n        <h3 class=\"page-sidebar__title\">\u00c7\u00f6z\u00fcmler<\/h3>        <div class=\"menu-services-list-container\"><ul id=\"menu-services-list\" class=\"page-sidebar__service-list\"><li id=\"menu-item-3518\" class=\"menu-item menu-item-type-post_type menu-item-object-page megamenu-hide menu-item-3518\"><a href=\"https:\/\/plec.solutions\/tr\/solutions\/automation-solutions-consultancy\/\">Otomasyon \u00c7\u00f6z\u00fcmleri &amp; Dan\u0131\u015fmanl\u0131k<\/a><\/li>\n<li id=\"menu-item-3519\" class=\"menu-item menu-item-type-post_type menu-item-object-page megamenu-hide menu-item-3519\"><a href=\"https:\/\/plec.solutions\/tr\/solutions\/erp-development-implementation\/\">ERP Geli\u015ftirme &amp; Uygulama<\/a><\/li>\n<li id=\"menu-item-3521\" class=\"menu-item menu-item-type-post_type menu-item-object-page megamenu-hide menu-item-3521\"><a href=\"https:\/\/plec.solutions\/tr\/solutions\/production-digitalisation-oee\/\">Dijital D\u00f6n\u00fc\u015f\u00fcm &amp; OEE<\/a><\/li>\n<li id=\"menu-item-3520\" class=\"menu-item menu-item-type-post_type menu-item-object-page megamenu-hide menu-item-3520\"><a href=\"https:\/\/plec.solutions\/tr\/solutions\/paperless-no-code-solutions\/\">Ka\u011f\u0131ts\u0131z Fabrika \u00c7\u00f6z\u00fcmleri<\/a><\/li>\n<\/ul><\/div>        <\/ul>\r\n    <\/div><!-- \/.blog-sidebar__service -->\r\n\t\t<\/div>\n\t\t\t\t<\/div>\n\t\t\t\t<div class=\"elementor-element elementor-element-9a233e9 elementor-widget elementor-widget-sidebar-social-info\" data-id=\"9a233e9\" data-element_type=\"widget\" data-widget_type=\"sidebar-social-info.default\">\n\t\t\t\t<div class=\"elementor-widget-container\">\n\t\t\t    <div class=\"page-sidebar__social page-sidebar__single wow animated fadeInLeft\" data-wow-delay=\"0.1s\" data-wow-duration=\"1500ms\">\r\n        <h3 class=\"page-sidebar__title\">Takip Edin<\/h3>        <div class=\"page-sidebar__social-list social-list\">\r\n           \r\n                            <a class=\"page-sidebar__social-link social-link\"   href=\"https:\/\/www.linkedin.com\/company\/plec-solutions\/\">\r\n                    <i aria-hidden=\"true\" class=\"icon-linkedin\"><\/i>                <\/a>\r\n                    <\/div>\r\n    <\/div><!-- \/.page-sidebar__social -->\r\n\r\n\t\t<\/div>\n\t\t\t\t<\/div>\n\t\t\t\t<div class=\"elementor-element elementor-element-06e38ae elementor-widget elementor-widget-noile-sidebar-call-to-action\" data-id=\"06e38ae\" data-element_type=\"widget\" data-widget_type=\"noile-sidebar-call-to-action.default\">\n\t\t\t\t<div class=\"elementor-widget-container\">\n\t\t\t    <div class=\"page-sidebar__contact page-sidebar__single wow animated fadeInLeft\" data-wow-delay=\"0.1s\" data-wow-duration=\"1500ms\" style=\"background-image: url('https:\/\/bracketweb.com\/noilewp\/wp-content\/uploads\/2023\/10\/sidebar-contact-bg.jpg');\">\r\n        <div class=\"page-sidebar__contact-wrap\">\r\n            <h3 class=\"page-sidebar__contact-title\">Sorunuz Varsa \u00dccretsiz \u0130leti\u015fime Ge\u00e7in<\/h3>            <a href=\"tel: 90-533-216-56-46\" class=\"page-sidebar__contact-btn\">\r\n                <span class=\"page-sidebar__contact-icon icon-phone\"><\/span>\r\n                <h4 class=\"page-sidebar__contact-text\"> +90 533 216 56 46<\/h4>\r\n            <\/a>\r\n        <\/div>\r\n    <\/div><!-- \/.page-sidebar__contact -->\r\n\t\t<\/div>\n\t\t\t\t<\/div>\n\t\t\t\t<\/div>\n\t\t<div class=\"elementor-element elementor-element-7c97ebc e-con-full e-flex e-con e-child\" data-id=\"7c97ebc\" data-element_type=\"container\" data-settings=\"{&quot;content_width&quot;:&quot;full&quot;}\">\n\t\t<div class=\"elementor-element elementor-element-ed30712 e-con-full e-flex e-con e-child\" data-id=\"ed30712\" data-element_type=\"container\" data-settings=\"{&quot;content_width&quot;:&quot;full&quot;}\">\n\t\t\t\t<div class=\"elementor-element elementor-element-2995617 elementor-widget elementor-widget-image\" data-id=\"2995617\" data-element_type=\"widget\" data-widget_type=\"image.default\">\n\t\t\t\t<div class=\"elementor-widget-container\">\n\t\t\t<style>\/*! elementor - v3.19.0 - 07-02-2024 *\/\n.elementor-widget-image{text-align:center}.elementor-widget-image a{display:inline-block}.elementor-widget-image a img[src$=\".svg\"]{width:48px}.elementor-widget-image img{vertical-align:middle;display:inline-block}<\/style>\t\t\t\t\t\t\t\t\t\t<img fetchpriority=\"high\" decoding=\"async\" width=\"856\" height=\"500\" src=\"https:\/\/plec.solutions\/wp-content\/uploads\/2024\/02\/ERP-Development-Implementation.jpg\" class=\"attachment-full size-full wp-image-3658\" alt=\"\" srcset=\"https:\/\/plec.solutions\/wp-content\/uploads\/2024\/02\/ERP-Development-Implementation.jpg 856w, https:\/\/plec.solutions\/wp-content\/uploads\/2024\/02\/ERP-Development-Implementation-300x175.jpg 300w, https:\/\/plec.solutions\/wp-content\/uploads\/2024\/02\/ERP-Development-Implementation-768x449.jpg 768w, https:\/\/plec.solutions\/wp-content\/uploads\/2024\/02\/ERP-Development-Implementation-18x12.jpg 18w, https:\/\/plec.solutions\/wp-content\/uploads\/2024\/02\/ERP-Development-Implementation-570x333.jpg 570w\" sizes=\"(max-width: 856px) 100vw, 856px\" \/>\t\t\t\t\t\t\t\t\t\t\t\t\t<\/div>\n\t\t\t\t<\/div>\n\t\t\t\t<div class=\"elementor-element elementor-element-3ae581f elementor-widget elementor-widget-text-editor\" data-id=\"3ae581f\" data-element_type=\"widget\" data-widget_type=\"text-editor.default\">\n\t\t\t\t<div class=\"elementor-widget-container\">\n\t\t\t<style>\/*! elementor - v3.19.0 - 07-02-2024 *\/\n.elementor-widget-text-editor.elementor-drop-cap-view-stacked .elementor-drop-cap{background-color:#69727d;color:#fff}.elementor-widget-text-editor.elementor-drop-cap-view-framed .elementor-drop-cap{color:#69727d;border:3px solid;background-color:transparent}.elementor-widget-text-editor:not(.elementor-drop-cap-view-default) .elementor-drop-cap{margin-top:8px}.elementor-widget-text-editor:not(.elementor-drop-cap-view-default) .elementor-drop-cap-letter{width:1em;height:1em}.elementor-widget-text-editor .elementor-drop-cap{float:left;text-align:center;line-height:1;font-size:50px}.elementor-widget-text-editor .elementor-drop-cap-letter{display:inline-block}<\/style>\t\t\t\t<h1 class=\"service-details-page__top-service-title\">ERP Geli\u015ftirme &amp; Uygulama<\/h1>\t\t\t\t\t\t<\/div>\n\t\t\t\t<\/div>\n\t\t\t\t<div class=\"elementor-element elementor-element-92a8970 elementor-widget elementor-widget-text-editor\" data-id=\"92a8970\" data-element_type=\"widget\" data-widget_type=\"text-editor.default\">\n\t\t\t\t<div class=\"elementor-widget-container\">\n\t\t\t\t\t\t\t<p>\u0130\u015flemlerinizi \u00d6zelle\u015ftirilmi\u015f ERP Geli\u015ftirme ve Sorunsuz Uygulama ile Optimize Edin<\/p><p>PLEC'e ho\u015f geldiniz, i\u015f s\u00fcre\u00e7lerinizi \u00f6zel olarak tasarlanm\u0131\u015f ERP (Kurumsal Kaynak Planlama) \u00e7\u00f6z\u00fcmleri ile devrim yaratma konusundaki g\u00fcvenilir orta\u011f\u0131n\u0131z. Uzmanl\u0131\u011f\u0131m\u0131z, verimlili\u011fi art\u0131rmak, i\u015f ak\u0131\u015flar\u0131n\u0131 d\u00fczenlemek ve i\u015finizi e\u015fsiz bir ba\u015far\u0131ya ta\u015f\u0131mak i\u00e7in tasarlanm\u0131\u015f ERP sistemlerini sorunsuz bir \u015fekilde geli\u015ftirmekte ve uygulamaktad\u0131r.<\/p><p><strong>ERP Geli\u015ftirme:<\/strong><\/p><p>\u0130\u015fletmenize \u00d6zel \u00c7\u00f6z\u00fcmler: PLEC olarak her i\u015fletmenin benzersiz oldu\u011funu anl\u0131yoruz. ERP geli\u015ftirme hizmetlerimiz, organizasyonunuzun \u00f6zel ihtiya\u00e7lar\u0131na ve zorluklar\u0131na uyum sa\u011flamak \u00fczere \u00f6zelle\u015ftirilmi\u015ftir. Tedarik zinciri y\u00f6netiminden finanslara kadar, \u00e7\u00f6z\u00fcmlerimiz i\u015f s\u00fcre\u00e7lerinize kapsaml\u0131 ve uyumlu bir yakla\u015f\u0131m sa\u011flayarak t\u00fcm spektrumu kapsar.<\/p><p>\u00d6l\u00e7eklenebilir ve Gelece\u011fe Haz\u0131r: ERP geli\u015ftirmemiz i\u015fletmenizin mevcut gereksinimlerini a\u015far. Evrimle\u015fen ihtiya\u00e7lar\u0131n\u0131za uyum sa\u011flayabilen \u00f6l\u00e7eklenebilir \u00e7\u00f6z\u00fcmler in\u015fa ediyoruz, s\u00fcrd\u00fcr\u00fclebilir b\u00fcy\u00fcme i\u00e7in gelece\u011fe haz\u0131r bir temel sa\u011fl\u0131yoruz. Ba\u015flang\u0131\u00e7 \u015firketi veya kurumsal bir i\u015fletme olun, ERP sistemlerimiz sizinle birlikte geli\u015fir.<\/p><p><strong>Uygulama Uzmanl\u0131\u011f\u0131:<\/strong><\/p><p>Sorunsuz Entegrasyon: Bir ERP sistemini uygulamak karma\u015f\u0131k bir g\u00f6rev olabilir, ancak PLEC ile s\u00fcre\u00e7 sorunsuz hale gelir. Uzmanlar\u0131m\u0131z, ERP sistemini mevcut altyap\u0131n\u0131za sorunsuz bir \u015fekilde entegre etmek i\u00e7in ekibinizle yak\u0131n bir i\u015fbirli\u011fi i\u00e7inde \u00e7al\u0131\u015f\u0131r. Kesintileri en aza indirin ve ERP'nin ilk g\u00fcn\u00fcnden itibaren avantajlar\u0131n\u0131 en \u00fcst d\u00fczeye \u00e7\u0131kar\u0131n.<\/p><p>E\u011fitim ve Destek: Yeni bir sistemi benimsemek uygun e\u011fitim gerektirir. PLEC, ekibinizin ERP sistemini tam potansiyeliyle kullanabilmesi i\u00e7in kapsaml\u0131 e\u011fitim oturumlar\u0131 sunar. Destek, uygulama ile bitmez; her ad\u0131mda sizinle birlikteyiz.<\/p><p><strong>PLEC'i ERP Geli\u015ftirme ve Uygulama \u0130\u00e7in Neden Se\u00e7melisiniz?<\/strong><\/p><p>\u00c7e\u015fitli End\u00fcstrilerde Uzmanl\u0131k: PLEC, \u00e7e\u015fitli end\u00fcstrilere ba\u015far\u0131yla ERP \u00e7\u00f6z\u00fcmleri uygulama konusunda kan\u0131tlanm\u0131\u015f bir ge\u00e7mi\u015fe sahiptir. Ekibimizin \u00e7e\u015fitli uzmanl\u0131\u011f\u0131, farkl\u0131 sekt\u00f6rlerin benzersiz zorluklar\u0131n\u0131 anlamam\u0131za ve buna g\u00f6re ERP \u00e7\u00f6z\u00fcmleri tasarlamam\u0131za olanak tan\u0131r.<\/p><p>En Son Teknoloji: PLEC, ERP geli\u015ftirmede en son teknolojileri kullanma taahh\u00fcd\u00fc ile \u00e7\u0131tay\u0131 y\u00fcksek tutar. End\u00fcstri en iyi uygulamalarla uyumlu olarak geli\u015fmi\u015f \u00f6zellikleri ve i\u015flevsellikleri entegre ediyoruz, i\u015fletmenizin rekabet avantaj\u0131n\u0131 korumas\u0131n\u0131 sa\u011fl\u0131yoruz.<\/p><p>\u0130\u015fbirli\u011fine Dayal\u0131 Yakla\u015f\u0131m: \u0130\u015fbirli\u011fine dayal\u0131 yakla\u015f\u0131m\u0131m\u0131z, geli\u015ftirme ve uygulama a\u015famalar\u0131 boyunca ekibinizle yak\u0131n bir \u015fekilde \u00e7al\u0131\u015fmay\u0131 i\u00e7erir. Geri bildiriminiz ve g\u00f6r\u00fc\u015fleriniz, i\u015fletmenizin ihtiya\u00e7lar\u0131n\u0131 ger\u00e7ekten kar\u015f\u0131layan bir ERP sistemini olu\u015fturmak i\u00e7in ayr\u0131lmazd\u0131r.<\/p><p>\u0130\u015f s\u00fcre\u00e7lerinizi PLEC'in ERP Geli\u015ftirme &amp; Uygulama ile y\u00fckseltin. Daha entegre, verimli ve gelece\u011fe haz\u0131r bir i\u015f ortam\u0131na do\u011fru bir yolculuk i\u00e7in bug\u00fcn bizimle ileti\u015fime ge\u00e7in.\"<\/p>\t\t\t\t\t\t<\/div>\n\t\t\t\t<\/div>\n\t\t\t\t<\/div>\n\t\t\t\t<\/div>\n\t\t\t\t\t<\/div>\n\t\t\t\t<\/div>\n\t\t\t\t<\/div>","protected":false},"excerpt":{"rendered":"<p>Solutions Automation Solutions &#038; Consultancy ERP Development &#038; Implementation Production Digitalisation &#038; OEE Paperless &#038; No-code Solutions Follow Us Have Any Query Feel Free Contact +90 533 216 56 46 ERP Development &amp; Implementation Optimize Your Operations with Custom ERP Development &amp; Seamless Implementation Welcome to PLEC, your go-to partner for revolutionizing business processes through [&hellip;]<\/p>","protected":false},"author":1,"featured_media":0,"parent":30,"menu_order":0,"comment_status":"closed","ping_status":"closed","template":"elementor_header_footer","meta":{"om_disable_all_campaigns":false,"_monsterinsights_skip_tracking":false,"_monsterinsights_sitenote_active":false,"_monsterinsights_sitenote_note":"","_monsterinsights_sitenote_category":0,"footnotes":""},"aioseo_notices":[],"_links":{"self":[{"href":"https:\/\/plec.solutions\/tr\/wp-json\/wp\/v2\/pages\/3508"}],"collection":[{"href":"https:\/\/plec.solutions\/tr\/wp-json\/wp\/v2\/pages"}],"about":[{"href":"https:\/\/plec.solutions\/tr\/wp-json\/wp\/v2\/types\/page"}],"author":[{"embeddable":true,"href":"https:\/\/plec.solutions\/tr\/wp-json\/wp\/v2\/users\/1"}],"replies":[{"embeddable":true,"href":"https:\/\/plec.solutions\/tr\/wp-json\/wp\/v2\/comments?post=3508"}],"version-history":[{"count":10,"href":"https:\/\/plec.solutions\/tr\/wp-json\/wp\/v2\/pages\/3508\/revisions"}],"predecessor-version":[{"id":4143,"href":"https:\/\/plec.solutions\/tr\/wp-json\/wp\/v2\/pages\/3508\/revisions\/4143"}],"up":[{"embeddable":true,"href":"https:\/\/plec.solutions\/tr\/wp-json\/wp\/v2\/pages\/30"}],"wp:attachment":[{"href":"https:\/\/plec.solutions\/tr\/wp-json\/wp\/v2\/media?parent=3508"}],"curies":[{"name":"wp","href":"https:\/\/api.w.org\/{rel}","templated":true}]}}