{"id":3513,"date":"2024-02-13T13:47:51","date_gmt":"2024-02-13T13:47:51","guid":{"rendered":"https:\/\/plec.solutions\/?page_id=3513"},"modified":"2025-01-26T23:20:39","modified_gmt":"2025-01-26T20:20:39","slug":"paperless-no-code-solutions","status":"publish","type":"page","link":"https:\/\/plec.solutions\/tr\/solutions\/paperless-no-code-solutions\/","title":{"rendered":"Ka\u011f\u0131ts\u0131z Fabrika \u00c7\u00f6z\u00fcmleri"},"content":{"rendered":"<div data-elementor-type=\"wp-page\" data-elementor-id=\"3513\" class=\"elementor elementor-3513\">\n\t\t\t\t<div class=\"elementor-element elementor-element-3ed9e33 e-flex e-con-boxed e-con e-parent\" data-id=\"3ed9e33\" data-element_type=\"container\" data-settings=\"{&quot;content_width&quot;:&quot;boxed&quot;}\" data-core-v316-plus=\"true\">\n\t\t\t\t\t<div class=\"e-con-inner\">\n\t\t<div class=\"elementor-element elementor-element-325425d e-con-full e-flex e-con e-child\" data-id=\"325425d\" data-element_type=\"container\" data-settings=\"{&quot;content_width&quot;:&quot;full&quot;}\">\n\t\t\t\t<div class=\"elementor-element elementor-element-ee578fc elementor-widget elementor-widget-sidebar-nav\" data-id=\"ee578fc\" data-element_type=\"widget\" data-widget_type=\"sidebar-nav.default\">\n\t\t\t\t<div class=\"elementor-widget-container\">\n\t\t\t    <div class=\"page-sidebar__service page-sidebar__single wow animated fadeInLeft\" data-wow-delay=\"0.1s\" data-wow-duration=\"1500ms\">\r\n        <h3 class=\"page-sidebar__title\">\u00c7\u00f6z\u00fcmler<\/h3>        <div class=\"menu-services-list-container\"><ul id=\"menu-services-list\" class=\"page-sidebar__service-list\"><li id=\"menu-item-3518\" class=\"menu-item menu-item-type-post_type menu-item-object-page megamenu-hide menu-item-3518\"><a href=\"https:\/\/plec.solutions\/tr\/solutions\/automation-solutions-consultancy\/\">Otomasyon \u00c7\u00f6z\u00fcmleri &amp; Dan\u0131\u015fmanl\u0131k<\/a><\/li>\n<li id=\"menu-item-3519\" class=\"menu-item menu-item-type-post_type menu-item-object-page megamenu-hide menu-item-3519\"><a href=\"https:\/\/plec.solutions\/tr\/solutions\/erp-development-implementation\/\">ERP Geli\u015ftirme &amp; Uygulama<\/a><\/li>\n<li id=\"menu-item-3521\" class=\"menu-item menu-item-type-post_type menu-item-object-page megamenu-hide menu-item-3521\"><a href=\"https:\/\/plec.solutions\/tr\/solutions\/production-digitalisation-oee\/\">Dijital D\u00f6n\u00fc\u015f\u00fcm &amp; OEE<\/a><\/li>\n<li id=\"menu-item-3520\" class=\"menu-item menu-item-type-post_type menu-item-object-page megamenu-hide menu-item-3520\"><a href=\"https:\/\/plec.solutions\/tr\/solutions\/paperless-no-code-solutions\/\">Ka\u011f\u0131ts\u0131z Fabrika \u00c7\u00f6z\u00fcmleri<\/a><\/li>\n<\/ul><\/div>        <\/ul>\r\n    <\/div><!-- \/.blog-sidebar__service -->\r\n\t\t<\/div>\n\t\t\t\t<\/div>\n\t\t\t\t<div class=\"elementor-element elementor-element-9a233e9 elementor-widget elementor-widget-sidebar-social-info\" data-id=\"9a233e9\" data-element_type=\"widget\" data-widget_type=\"sidebar-social-info.default\">\n\t\t\t\t<div class=\"elementor-widget-container\">\n\t\t\t    <div class=\"page-sidebar__social page-sidebar__single wow animated fadeInLeft\" data-wow-delay=\"0.1s\" data-wow-duration=\"1500ms\">\r\n        <h3 class=\"page-sidebar__title\">Takip Edin<\/h3>        <div class=\"page-sidebar__social-list social-list\">\r\n           \r\n                            <a class=\"page-sidebar__social-link social-link\"   href=\"https:\/\/www.linkedin.com\/company\/plec-solutions\/\">\r\n                    <i aria-hidden=\"true\" class=\"icon-linkedin\"><\/i>                <\/a>\r\n                    <\/div>\r\n    <\/div><!-- \/.page-sidebar__social -->\r\n\r\n\t\t<\/div>\n\t\t\t\t<\/div>\n\t\t\t\t<div class=\"elementor-element elementor-element-06e38ae elementor-widget elementor-widget-noile-sidebar-call-to-action\" data-id=\"06e38ae\" data-element_type=\"widget\" data-widget_type=\"noile-sidebar-call-to-action.default\">\n\t\t\t\t<div class=\"elementor-widget-container\">\n\t\t\t    <div class=\"page-sidebar__contact page-sidebar__single wow animated fadeInLeft\" data-wow-delay=\"0.1s\" data-wow-duration=\"1500ms\" style=\"background-image: url('https:\/\/bracketweb.com\/noilewp\/wp-content\/uploads\/2023\/10\/sidebar-contact-bg.jpg');\">\r\n        <div class=\"page-sidebar__contact-wrap\">\r\n            <h3 class=\"page-sidebar__contact-title\">Sorunuz Varsa \u00dccretsiz \u0130leti\u015fime Ge\u00e7in<\/h3>            <a href=\"tel: 90-533-216-56-46\" class=\"page-sidebar__contact-btn\">\r\n                <span class=\"page-sidebar__contact-icon icon-phone\"><\/span>\r\n                <h4 class=\"page-sidebar__contact-text\"> +90 533 216 56 46<\/h4>\r\n            <\/a>\r\n        <\/div>\r\n    <\/div><!-- \/.page-sidebar__contact -->\r\n\t\t<\/div>\n\t\t\t\t<\/div>\n\t\t\t\t<\/div>\n\t\t<div class=\"elementor-element elementor-element-7c97ebc e-con-full e-flex e-con e-child\" data-id=\"7c97ebc\" data-element_type=\"container\" data-settings=\"{&quot;content_width&quot;:&quot;full&quot;}\">\n\t\t<div class=\"elementor-element elementor-element-ed30712 e-con-full e-flex e-con e-child\" data-id=\"ed30712\" data-element_type=\"container\" data-settings=\"{&quot;content_width&quot;:&quot;full&quot;}\">\n\t\t\t\t<div class=\"elementor-element elementor-element-2995617 elementor-widget elementor-widget-image\" data-id=\"2995617\" data-element_type=\"widget\" data-widget_type=\"image.default\">\n\t\t\t\t<div class=\"elementor-widget-container\">\n\t\t\t<style>\/*! elementor - v3.19.0 - 07-02-2024 *\/\n.elementor-widget-image{text-align:center}.elementor-widget-image a{display:inline-block}.elementor-widget-image a img[src$=\".svg\"]{width:48px}.elementor-widget-image img{vertical-align:middle;display:inline-block}<\/style>\t\t\t\t\t\t\t\t\t\t<img fetchpriority=\"high\" decoding=\"async\" width=\"856\" height=\"500\" src=\"https:\/\/plec.solutions\/wp-content\/uploads\/2024\/02\/Paperless-no-code-solutions.jpg\" class=\"attachment-full size-full wp-image-3660\" alt=\"\" srcset=\"https:\/\/plec.solutions\/wp-content\/uploads\/2024\/02\/Paperless-no-code-solutions.jpg 856w, https:\/\/plec.solutions\/wp-content\/uploads\/2024\/02\/Paperless-no-code-solutions-300x175.jpg 300w, https:\/\/plec.solutions\/wp-content\/uploads\/2024\/02\/Paperless-no-code-solutions-768x449.jpg 768w, https:\/\/plec.solutions\/wp-content\/uploads\/2024\/02\/Paperless-no-code-solutions-18x12.jpg 18w, https:\/\/plec.solutions\/wp-content\/uploads\/2024\/02\/Paperless-no-code-solutions-570x333.jpg 570w\" sizes=\"(max-width: 856px) 100vw, 856px\" \/>\t\t\t\t\t\t\t\t\t\t\t\t\t<\/div>\n\t\t\t\t<\/div>\n\t\t\t\t<div class=\"elementor-element elementor-element-3ae581f elementor-widget elementor-widget-text-editor\" data-id=\"3ae581f\" data-element_type=\"widget\" data-widget_type=\"text-editor.default\">\n\t\t\t\t<div class=\"elementor-widget-container\">\n\t\t\t<style>\/*! elementor - v3.19.0 - 07-02-2024 *\/\n.elementor-widget-text-editor.elementor-drop-cap-view-stacked .elementor-drop-cap{background-color:#69727d;color:#fff}.elementor-widget-text-editor.elementor-drop-cap-view-framed .elementor-drop-cap{color:#69727d;border:3px solid;background-color:transparent}.elementor-widget-text-editor:not(.elementor-drop-cap-view-default) .elementor-drop-cap{margin-top:8px}.elementor-widget-text-editor:not(.elementor-drop-cap-view-default) .elementor-drop-cap-letter{width:1em;height:1em}.elementor-widget-text-editor .elementor-drop-cap{float:left;text-align:center;line-height:1;font-size:50px}.elementor-widget-text-editor .elementor-drop-cap-letter{display:inline-block}<\/style>\t\t\t\t<h1 class=\"service-details-page__top-service-title\">Ka\u011f\u0131ts\u0131z Fabrika \u00c7\u00f6z\u00fcmleri<\/h1>\t\t\t\t\t\t<\/div>\n\t\t\t\t<\/div>\n\t\t\t\t<div class=\"elementor-element elementor-element-92a8970 elementor-widget elementor-widget-text-editor\" data-id=\"92a8970\" data-element_type=\"widget\" data-widget_type=\"text-editor.default\">\n\t\t\t\t<div class=\"elementor-widget-container\">\n\t\t\t\t\t\t\t<p>\u0130\u015flemlerinizi Ka\u011f\u0131ts\u0131z ve Kod Gerektirmeyen \u00c7\u00f6z\u00fcmlerle D\u00f6n\u00fc\u015ft\u00fcr\u00fcn<\/p><p>PLEC'e ho\u015f geldiniz, i\u015finizi gelece\u011fe ta\u015f\u0131yan yenilik\u00e7i \u00e7\u00f6z\u00fcmleri size sunuyoruz. \u0130\u015f ak\u0131\u015flar\u0131n\u0131z\u0131 d\u00f6n\u00fc\u015ft\u00fcrmek i\u00e7in tasarlanm\u0131\u015f Ka\u011f\u0131ts\u0131z ve Kod Gerektirmeyen \u00c7\u00f6z\u00fcmlerimizle verimlilik, s\u00fcrd\u00fcr\u00fclebilirlik ve \u00e7eviklikle tan\u0131\u015f\u0131n.<\/p><p><strong>Ka\u011f\u0131ts\u0131z \u00c7\u00f6z\u00fcmler:<\/strong><\/p><p>Ye\u015file Ge\u00e7in, Verimlili\u011fi Art\u0131r\u0131n: Ka\u011f\u0131t tabanl\u0131 s\u00fcre\u00e7lere veda edin ve s\u00fcrd\u00fcr\u00fclebilir bir gelece\u011fe merhaba deyin. Ka\u011f\u0131ts\u0131z \u00c7\u00f6z\u00fcmlerimiz i\u015f ak\u0131\u015flar\u0131n\u0131z\u0131 dijitalle\u015ftirir ve optimize eder, \u00e7evresel etkiyi ve i\u015fletme maliyetlerini azalt\u0131r. Belgeleri, onaylar\u0131 ve bilgileri y\u00f6netme konusunda daha verimli ve \u00e7evre dostu bir yakla\u015f\u0131m benimseyin.<\/p><p>Ger\u00e7ek Zamanl\u0131 Eri\u015fim: Kritik belgelerinize ve bilgilerinize her zaman, her yerden eri\u015fin. Ka\u011f\u0131ts\u0131z \u00c7\u00f6z\u00fcmlerimiz, ekibinizin ihtiya\u00e7 duydu\u011fu verilere ger\u00e7ek zamanl\u0131 eri\u015fim sa\u011flar, i\u015fbirli\u011fini te\u015fvik eder ve karar alma s\u00fcre\u00e7lerini h\u0131zland\u0131r\u0131r. Manuel aramalara ve gecikmelere veda edin.<\/p><p><strong>Kod Gerektirmeyen \u00c7\u00f6z\u00fcmler:<\/strong><\/p><p>Tak\u0131m\u0131n\u0131za Yetki Verin: G\u00fc\u00e7l\u00fc uygulamalar olu\u015fturmak i\u00e7in bir kod uzman\u0131 olman\u0131za gerek yok. Kod Gerektirmeyen \u00c7\u00f6z\u00fcmlerimizle tak\u0131m\u0131n\u0131za \u00f6zel ihtiya\u00e7lar\u0131n\u0131za uygun uygulamalar olu\u015fturma yetkisi verin. Proje s\u00fcre\u00e7lerini h\u0131zland\u0131r\u0131n, geli\u015ftirme maliyetlerini azalt\u0131n ve i\u015fletmenizin de\u011fi\u015fen gereksinimlerine h\u0131zl\u0131 bir \u015fekilde yan\u0131t vermesini sa\u011flay\u0131n.<\/p><p>Karma\u015f\u0131kl\u0131ks\u0131z Esneklik: Kod gerekmemesi, esneklikten \u00f6d\u00fcn vermek anlam\u0131na gelmez. \u00c7\u00f6z\u00fcmlerimiz, geleneksel kodlamalar\u0131n karma\u015f\u0131kl\u0131\u011f\u0131 olmadan uygulama tasar\u0131m\u0131nda esneklik sunar. De\u011fi\u015fiklikleri kolayca yap\u0131n, test edin ve uygulay\u0131n; dijital d\u00f6n\u00fc\u015f\u00fcm\u00fcn\u00fcz\u00fcn kontrol\u00fc sizde olsun.<\/p><p><strong>PLEC'i Ka\u011f\u0131ts\u0131z ve Kod Gerektirmeyen \u00c7\u00f6z\u00fcmler \u0130\u00e7in Neden Se\u00e7melisiniz?<\/strong><\/p><p>\u00c7ekirdekte \u0130novasyon: PLEC, inovasyona ba\u011fl\u0131d\u0131r ve Ka\u011f\u0131ts\u0131z ve Kod Gerektirmeyen \u00c7\u00f6z\u00fcmlerimiz bu taahh\u00fcd\u00fc \u00f6rnekler. \u0130\u015finizi daima bir ad\u0131m \u00f6nde tutmak i\u00e7in en son teknolojileri kullan\u0131yoruz.<\/p><p>Kullan\u0131c\u0131 Odakl\u0131 Yakla\u015f\u0131m: \u00c7\u00f6z\u00fcmlerimiz, son kullan\u0131c\u0131 g\u00f6z \u00f6n\u00fcnde bulundurularak tasarlanm\u0131\u015ft\u0131r. Kullan\u0131c\u0131 deneyimine \u00f6ncelik veriyor, tak\u0131m\u0131n\u0131z\u0131n Ka\u011f\u0131ts\u0131z ve Kod Gerektirmeyen \u00c7\u00f6z\u00fcmlerin faydalar\u0131n\u0131 kapsaml\u0131 bir e\u011fitim olmadan sorunsuz bir \u015fekilde benimsemesini sa\u011fl\u0131yoruz.<\/p><p>\u00d6l\u00e7eklenebilir ve Uyumlu: Ba\u015flang\u0131\u00e7 \u015firketi olun veya k\u00f6kl\u00fc bir kurumsal i\u015fletme, \u00e7\u00f6z\u00fcmlerimiz i\u015fletmenizle birlikte \u00f6l\u00e7eklenir. End\u00fcstrinizin evrimle\u015fen taleplerini kar\u015f\u0131lamak ve rekabet avantaj\u0131n\u0131z\u0131 s\u00fcrd\u00fcrmek i\u00e7in gereken \u00f6l\u00e7eklenebilirlik ve uyum sa\u011flay\u0131n.<\/p><p>PLEC'in Ka\u011f\u0131ts\u0131z ve Kod Gerektirmeyen \u00c7\u00f6z\u00fcmleri ile i\u015finizi verimlilik ve inovasyonun yeni zirvelerine ta\u015f\u0131y\u0131n. Daha entegre, s\u00fcrd\u00fcr\u00fclebilir ve yetkilendirilmi\u015f bir gelece\u011fe do\u011fru bug\u00fcn bizimle ileti\u015fime ge\u00e7in.<\/p>\t\t\t\t\t\t<\/div>\n\t\t\t\t<\/div>\n\t\t\t\t<\/div>\n\t\t\t\t<\/div>\n\t\t\t\t\t<\/div>\n\t\t\t\t<\/div>\n\t\t\t\t<\/div>","protected":false},"excerpt":{"rendered":"<p>Solutions Automation Solutions &#038; Consultancy ERP Development &#038; Implementation Production Digitalisation &#038; OEE Paperless &#038; No-code Solutions Follow Us Have Any Query Feel Free Contact +90 533 216 56 46 Paperless &amp; No-code Solutions Transform Your Operations with Paperless and No-code Solutions Welcome to PLEC, where we bring you innovative solutions to propel your business [&hellip;]<\/p>","protected":false},"author":1,"featured_media":0,"parent":30,"menu_order":0,"comment_status":"closed","ping_status":"closed","template":"elementor_header_footer","meta":{"om_disable_all_campaigns":false,"_monsterinsights_skip_tracking":false,"_monsterinsights_sitenote_active":false,"_monsterinsights_sitenote_note":"","_monsterinsights_sitenote_category":0,"footnotes":""},"aioseo_notices":[],"_links":{"self":[{"href":"https:\/\/plec.solutions\/tr\/wp-json\/wp\/v2\/pages\/3513"}],"collection":[{"href":"https:\/\/plec.solutions\/tr\/wp-json\/wp\/v2\/pages"}],"about":[{"href":"https:\/\/plec.solutions\/tr\/wp-json\/wp\/v2\/types\/page"}],"author":[{"embeddable":true,"href":"https:\/\/plec.solutions\/tr\/wp-json\/wp\/v2\/users\/1"}],"replies":[{"embeddable":true,"href":"https:\/\/plec.solutions\/tr\/wp-json\/wp\/v2\/comments?post=3513"}],"version-history":[{"count":10,"href":"https:\/\/plec.solutions\/tr\/wp-json\/wp\/v2\/pages\/3513\/revisions"}],"predecessor-version":[{"id":4149,"href":"https:\/\/plec.solutions\/tr\/wp-json\/wp\/v2\/pages\/3513\/revisions\/4149"}],"up":[{"embeddable":true,"href":"https:\/\/plec.solutions\/tr\/wp-json\/wp\/v2\/pages\/30"}],"wp:attachment":[{"href":"https:\/\/plec.solutions\/tr\/wp-json\/wp\/v2\/media?parent=3513"}],"curies":[{"name":"wp","href":"https:\/\/api.w.org\/{rel}","templated":true}]}}