{"id":3594,"date":"2024-02-21T16:38:16","date_gmt":"2024-02-21T16:38:16","guid":{"rendered":"https:\/\/plec.solutions\/?page_id=3594"},"modified":"2024-02-21T16:42:10","modified_gmt":"2024-02-21T16:42:10","slug":"pick-place-solutions","status":"publish","type":"page","link":"https:\/\/plec.solutions\/tr\/pick-place-solutions\/","title":{"rendered":"Pick &#038; Place Solutions"},"content":{"rendered":"<div data-elementor-type=\"wp-page\" data-elementor-id=\"3594\" class=\"elementor elementor-3594\">\n\t\t\t\t<div class=\"elementor-element elementor-element-7adef73 e-flex e-con-boxed e-con e-parent\" data-id=\"7adef73\" data-element_type=\"container\" data-settings=\"{&quot;content_width&quot;:&quot;boxed&quot;}\" data-core-v316-plus=\"true\">\n\t\t\t\t\t<div class=\"e-con-inner\">\n\t\t\t\t<div class=\"elementor-element elementor-element-e059d5d elementor-widget elementor-widget-noile-image-box\" data-id=\"e059d5d\" data-element_type=\"widget\" data-widget_type=\"noile-image-box.default\">\n\t\t\t\t<div class=\"elementor-widget-container\">\n\t\t\t\t<div class=\"case-study-details__img-box\">\r\n\t\t<img decoding=\"async\" src=\"https:\/\/plec.solutions\/wp-content\/uploads\/2024\/02\/Pick-Place-Solutions-1.jpg\" alt=\"Pick &amp; Place Solutions 1\" title=\"Pick &#038; Place Solutions 1\" class=\"case-study-details__img\" >\t\t<p class=\"case-study-details__card-category\">\u00c7\u00f6z\u00fcmler<\/p>\r\n\t<\/div>\r\n\t\t<\/div>\n\t\t\t\t<\/div>\n\t\t\t\t\t<\/div>\n\t\t\t\t<\/div>\n\t\t<div class=\"elementor-element elementor-element-ff17633 e-flex e-con-boxed e-con e-parent\" data-id=\"ff17633\" data-element_type=\"container\" data-settings=\"{&quot;content_width&quot;:&quot;boxed&quot;}\" data-core-v316-plus=\"true\">\n\t\t\t\t\t<div class=\"e-con-inner\">\n\t\t\t\t<div class=\"elementor-element elementor-element-24ce061 elementor-widget elementor-widget-text-editor\" data-id=\"24ce061\" data-element_type=\"widget\" data-widget_type=\"text-editor.default\">\n\t\t\t\t<div class=\"elementor-widget-container\">\n\t\t\t<style>\/*! elementor - v3.19.0 - 07-02-2024 *\/\n.elementor-widget-text-editor.elementor-drop-cap-view-stacked .elementor-drop-cap{background-color:#69727d;color:#fff}.elementor-widget-text-editor.elementor-drop-cap-view-framed .elementor-drop-cap{color:#69727d;border:3px solid;background-color:transparent}.elementor-widget-text-editor:not(.elementor-drop-cap-view-default) .elementor-drop-cap{margin-top:8px}.elementor-widget-text-editor:not(.elementor-drop-cap-view-default) .elementor-drop-cap-letter{width:1em;height:1em}.elementor-widget-text-editor .elementor-drop-cap{float:left;text-align:center;line-height:1;font-size:50px}.elementor-widget-text-editor .elementor-drop-cap-letter{display:inline-block}<\/style>\t\t\t\t<h3>Robot \u00c7\u00f6z\u00fcmleri<\/h3>\t\t\t\t\t\t<\/div>\n\t\t\t\t<\/div>\n\t\t\t\t<div class=\"elementor-element elementor-element-650f184 elementor-widget elementor-widget-text-editor\" data-id=\"650f184\" data-element_type=\"widget\" data-widget_type=\"text-editor.default\">\n\t\t\t\t<div class=\"elementor-widget-container\">\n\t\t\t\t\t\t\t<p>Case Study: Robotic Pick and Place Automation Revolution<\/p><p>Challenge: A manufacturing facility aimed to boost efficiency and precision in pick and place operations.<\/p><p>Solution: PLEC Solutions developed a customized robotic automation system, seamlessly integrated into their production line.<\/p><p>Process: Customization: Tailored to client needs for optimized workflow.<\/p><p>Integration: Expertly integrated into existing operations with minimal disruption.<\/p><p>Training: Provided comprehensive staff training for smooth operation and maintenance.<\/p><p>Results: Efficiency: Increased throughput and reduced cycle times.<\/p><p>Precision: Enhanced product quality and consistency.<\/p><p>Flexibility: Scalable system adapted to future production needs.<\/p><p>Conclusion: Our robotic automation solution empowered the client with heightened productivity, quality, and streamlined operations, showcasing our prowess in delivering impactful manufacturing solutions.<\/p>\t\t\t\t\t\t<\/div>\n\t\t\t\t<\/div>\n\t\t\t\t\t<\/div>\n\t\t\t\t<\/div>\n\t\t\t\t<\/div>","protected":false},"excerpt":{"rendered":"<p>Solutions Pick &amp; Place Solutions Case Study: Robotic Pick and Place Automation Revolution Challenge: A manufacturing facility aimed to boost efficiency and precision in pick and place operations. Solution: PLEC Solutions developed a customized robotic automation system, seamlessly integrated into their production line. Process: Customization: Tailored to client needs for optimized workflow. Integration: Expertly integrated [&hellip;]<\/p>","protected":false},"author":1,"featured_media":0,"parent":0,"menu_order":0,"comment_status":"closed","ping_status":"closed","template":"elementor_header_footer","meta":{"om_disable_all_campaigns":false,"_monsterinsights_skip_tracking":false,"_monsterinsights_sitenote_active":false,"_monsterinsights_sitenote_note":"","_monsterinsights_sitenote_category":0,"footnotes":""},"aioseo_notices":[],"_links":{"self":[{"href":"https:\/\/plec.solutions\/tr\/wp-json\/wp\/v2\/pages\/3594"}],"collection":[{"href":"https:\/\/plec.solutions\/tr\/wp-json\/wp\/v2\/pages"}],"about":[{"href":"https:\/\/plec.solutions\/tr\/wp-json\/wp\/v2\/types\/page"}],"author":[{"embeddable":true,"href":"https:\/\/plec.solutions\/tr\/wp-json\/wp\/v2\/users\/1"}],"replies":[{"embeddable":true,"href":"https:\/\/plec.solutions\/tr\/wp-json\/wp\/v2\/comments?post=3594"}],"version-history":[{"count":10,"href":"https:\/\/plec.solutions\/tr\/wp-json\/wp\/v2\/pages\/3594\/revisions"}],"predecessor-version":[{"id":3615,"href":"https:\/\/plec.solutions\/tr\/wp-json\/wp\/v2\/pages\/3594\/revisions\/3615"}],"wp:attachment":[{"href":"https:\/\/plec.solutions\/tr\/wp-json\/wp\/v2\/media?parent=3594"}],"curies":[{"name":"wp","href":"https:\/\/api.w.org\/{rel}","templated":true}]}}