{"id":3619,"date":"2024-02-21T16:43:56","date_gmt":"2024-02-21T16:43:56","guid":{"rendered":"https:\/\/plec.solutions\/?page_id=3619"},"modified":"2025-01-27T15:25:10","modified_gmt":"2025-01-27T12:25:10","slug":"production-digitalisation-oee","status":"publish","type":"page","link":"https:\/\/plec.solutions\/tr\/production-digitalisation-oee\/","title":{"rendered":"Dijital D\u00f6n\u00fc\u015f\u00fcm &amp; OEE"},"content":{"rendered":"<div data-elementor-type=\"wp-page\" data-elementor-id=\"3619\" class=\"elementor elementor-3619\">\n\t\t\t\t<div class=\"elementor-element elementor-element-7adef73 e-flex e-con-boxed e-con e-parent\" data-id=\"7adef73\" data-element_type=\"container\" data-settings=\"{&quot;content_width&quot;:&quot;boxed&quot;}\" data-core-v316-plus=\"true\">\n\t\t\t\t\t<div class=\"e-con-inner\">\n\t\t\t\t<div class=\"elementor-element elementor-element-e059d5d elementor-widget elementor-widget-noile-image-box\" data-id=\"e059d5d\" data-element_type=\"widget\" data-widget_type=\"noile-image-box.default\">\n\t\t\t\t<div class=\"elementor-widget-container\">\n\t\t\t\t<div class=\"case-study-details__img-box\">\r\n\t\t<img decoding=\"async\" src=\"https:\/\/plec.solutions\/wp-content\/uploads\/2024\/02\/Production-Digitalisation-OEE-2.jpg\" alt=\"Production Digitalisation &amp; OEE 2\" title=\"Production Digitalisation &#038; OEE 2\" class=\"case-study-details__img\" >\t\t<p class=\"case-study-details__card-category\">\u00c7\u00f6z\u00fcmler<\/p>\r\n\t<\/div>\r\n\t\t<\/div>\n\t\t\t\t<\/div>\n\t\t\t\t\t<\/div>\n\t\t\t\t<\/div>\n\t\t<div class=\"elementor-element elementor-element-ff17633 e-flex e-con-boxed e-con e-parent\" data-id=\"ff17633\" data-element_type=\"container\" data-settings=\"{&quot;content_width&quot;:&quot;boxed&quot;}\" data-core-v316-plus=\"true\">\n\t\t\t\t\t<div class=\"e-con-inner\">\n\t\t\t\t<div class=\"elementor-element elementor-element-24ce061 elementor-widget elementor-widget-text-editor\" data-id=\"24ce061\" data-element_type=\"widget\" data-widget_type=\"text-editor.default\">\n\t\t\t\t<div class=\"elementor-widget-container\">\n\t\t\t<style>\/*! elementor - v3.19.0 - 07-02-2024 *\/\n.elementor-widget-text-editor.elementor-drop-cap-view-stacked .elementor-drop-cap{background-color:#69727d;color:#fff}.elementor-widget-text-editor.elementor-drop-cap-view-framed .elementor-drop-cap{color:#69727d;border:3px solid;background-color:transparent}.elementor-widget-text-editor:not(.elementor-drop-cap-view-default) .elementor-drop-cap{margin-top:8px}.elementor-widget-text-editor:not(.elementor-drop-cap-view-default) .elementor-drop-cap-letter{width:1em;height:1em}.elementor-widget-text-editor .elementor-drop-cap{float:left;text-align:center;line-height:1;font-size:50px}.elementor-widget-text-editor .elementor-drop-cap-letter{display:inline-block}<\/style>\t\t\t\t<h1>Dijital D\u00f6n\u00fc\u015f\u00fcm &amp; OEE<\/h1>\t\t\t\t\t\t<\/div>\n\t\t\t\t<\/div>\n\t\t\t\t<div class=\"elementor-element elementor-element-650f184 elementor-widget elementor-widget-text-editor\" data-id=\"650f184\" data-element_type=\"widget\" data-widget_type=\"text-editor.default\">\n\t\t\t\t<div class=\"elementor-widget-container\">\n\t\t\t\t\t\t\t<p><span style=\"color: var(--noile-secondary, #a0a1a6); font-family: var(--noile-font, 'Sora', sans-serif); font-size: var(--noile-size-xl); font-weight: 400; text-align: var(--text-align); display: inline !important;\">Toplam Ekipman Verimlili\u011fi (OEE) sistemi, \u00fcretimde m\u00fckemmeliyete ula\u015fman\u0131n temel ta\u015flar\u0131ndan biridir. <\/span><strong style=\"font-family: var(--noile-font, 'Sora', sans-serif); font-size: var(--noile-size-xl); text-align: var(--text-align);\">T\u00fcrkiye\u2019de Evocon\u2019un yetkili i\u015f orta\u011f\u0131<\/strong><span style=\"color: var(--noile-secondary, #a0a1a6); font-family: var(--noile-font, 'Sora', sans-serif); font-size: var(--noile-size-xl); font-weight: 400; text-align: var(--text-align); display: inline !important;\">olarak, PLEC Solutions, <\/span><strong style=\"font-family: var(--noile-font, 'Sora', sans-serif); font-size: var(--noile-size-xl); text-align: var(--text-align);\">Otomotiv, G\u0131da &amp; \u0130\u00e7ecek, Kimyasal \u00dcretim ve \u0130n\u015faat Malzemeleri<\/strong><span style=\"color: var(--noile-secondary, #a0a1a6); font-family: var(--noile-font, 'Sora', sans-serif); font-size: var(--noile-size-xl); font-weight: 400; text-align: var(--text-align); display: inline !important;\">gibi farkl\u0131 sekt\u00f6rlerdeki i\u015fletmelere <\/span><span style=\"color: var(--noile-secondary, #a0a1a6); font-family: var(--noile-font, 'Sora', sans-serif); font-size: var(--noile-size-xl); text-align: var(--text-align); display: inline !important;\"><b>2 y\u0131l\u0131 a\u015fk\u0131n s\u00fcredir&nbsp;<\/b><\/span><strong style=\"font-family: var(--noile-font, 'Sora', sans-serif); font-size: var(--noile-size-xl); text-align: var(--text-align);\">\u00e7\u00f6z\u00fcmler sunmaktad\u0131r<\/strong><span style=\"color: var(--noile-secondary, #a0a1a6); font-family: var(--noile-font, 'Sora', sans-serif); font-size: var(--noile-size-xl); font-weight: 400; text-align: var(--text-align); display: inline !important;\">. Evocon OEE ile, i\u015fletmelerin verimlili\u011fini art\u0131rmak, duru\u015f s\u00fcrelerini azaltmak ve kapasite kullan\u0131m\u0131n\u0131 optimize etmek i\u00e7in tasarlanm\u0131\u015ft\u0131r.<\/span><\/p>\n<h4>Evocon OEE Sisteminin Temel \u00d6zellikleri:<\/h4>\n<div>&nbsp;<\/div>\n<div><img fetchpriority=\"high\" decoding=\"async\" class=\"size-full wp-image-4130 alignnone\" src=\"https:\/\/plec.solutions\/wp-content\/uploads\/2025\/01\/evocon-shift-view-oee-software-1200x732-1.png\" alt=\"\" width=\"767\" height=\"468\" srcset=\"https:\/\/plec.solutions\/wp-content\/uploads\/2025\/01\/evocon-shift-view-oee-software-1200x732-1.png 767w, https:\/\/plec.solutions\/wp-content\/uploads\/2025\/01\/evocon-shift-view-oee-software-1200x732-1-300x183.png 300w, https:\/\/plec.solutions\/wp-content\/uploads\/2025\/01\/evocon-shift-view-oee-software-1200x732-1-18x12.png 18w\" sizes=\"(max-width: 767px) 100vw, 767px\" \/><\/div>\n<div><strong style=\"font-family: var( --e-global-typography-text-font-family ), Sans-serif; text-align: var(--text-align); font-size: var(--noile-body-size);\">\u00dcretiminizi ve Vardiyalar\u0131n\u0131z\u0131 Canl\u0131 \u0130zleyin<\/strong><span style=\"color: var( --e-global-color-text ); font-family: var( --e-global-typography-text-font-family ), Sans-serif; font-weight: var( --e-global-typography-text-font-weight ); text-align: var(--text-align); font-size: var(--noile-body-size); display: inline !important;\">: \u00dcretim s\u00fcrecinizin ve vardiya performans\u0131n\u0131z\u0131n her y\u00f6n\u00fcn\u00fc an\u0131nda g\u00f6r\u00fcn.<\/span><\/div>\n<div>&nbsp;<span style=\"color: var( --e-global-color-text ); font-family: var( --e-global-typography-text-font-family ), Sans-serif; font-weight: var( --e-global-typography-text-font-weight ); text-align: var(--text-align); font-size: var(--noile-body-size); display: inline !important;\">&nbsp;<\/span><\/div>\n<div>&nbsp;<\/div>\n<div><img decoding=\"async\" style=\"font-weight: var( --e-global-typography-text-font-weight ); text-align: var(--text-align); font-size: var(--noile-size-xl); color: var(--noile-secondary, #a0a1a6); font-family: var(--noile-font, 'Sora', sans-serif);\" src=\"https:\/\/plec.solutions\/wp-content\/uploads\/2025\/01\/evocon-oee-dashboard-768x468.png.webp\" alt=\"\" width=\"768\" height=\"468\"><\/div>\n<div>&nbsp;<\/div>\n<div><strong style=\"font-family: var( --e-global-typography-text-font-family ), Sans-serif; text-align: var(--text-align); font-size: var(--noile-body-size);\">Ekipleri OEE G\u00f6stergeleri ile G\u00fc\u00e7lendirin<\/strong><span style=\"color: var( --e-global-color-text ); font-family: var( --e-global-typography-text-font-family ), Sans-serif; font-weight: var( --e-global-typography-text-font-weight ); text-align: var(--text-align); font-size: var(--noile-body-size); display: inline !important;\">: Kullan\u0131c\u0131 dostu grafikleri ile her cihazdan eri\u015filebilen, aksiyona d\u00f6n\u00fc\u015ft\u00fcr\u00fclen bilgiler sa\u011flay\u0131n.<\/span><br><span style=\"color: var( --e-global-color-text ); font-family: var( --e-global-typography-text-font-family ), Sans-serif; font-weight: var( --e-global-typography-text-font-weight ); text-align: var(--text-align); font-size: var(--noile-body-size); display: inline !important;\"><br><\/span><\/div>\n<div>&nbsp;<\/div>\n<p><span style=\"color: var(--noile-secondary, #a0a1a6); font-family: var(--noile-font, 'Sora', sans-serif); font-size: var(--noile-size-xl); text-align: var(--text-align); display: inline !important;\"><img decoding=\"async\" src=\"https:\/\/plec.solutions\/wp-content\/uploads\/2025\/01\/evocon-factory-overview-oee-software-768x469.png.webp\" alt=\"\" width=\"768\" height=\"469\"><\/span><\/p>\n<p><span style=\"color: var(--noile-secondary, #a0a1a6); font-family: var(--noile-font, 'Sora', sans-serif); font-size: var(--noile-size-xl); text-align: var(--text-align); display: inline !important;\"><strong style=\"font-size: var(--noile-body-size); text-align: var(--text-align); font-family: var( --e-global-typography-text-font-family ), Sans-serif;\">Fabrikan\u0131z\u0131n Nabz\u0131n\u0131 \u00d6l\u00e7\u00fcn<\/strong><span style=\"font-size: var(--noile-body-size); text-align: var(--text-align); font-weight: var( --e-global-typography-text-font-weight ); color: var( --e-global-color-text ); font-family: var( --e-global-typography-text-font-family ), Sans-serif; display: inline !important;\">: Operasyonel performans\u0131 g\u00f6rselle\u015ftirin ve takip ederek ideal \u00fcretim ak\u0131\u015f\u0131n\u0131 koruyun.<\/span><\/span><\/p>\n<p><span style=\"color: var(--noile-secondary, #a0a1a6); font-family: var(--noile-font, 'Sora', sans-serif); font-size: var(--noile-size-xl); text-align: var(--text-align); display: inline !important;\"><span style=\"font-size: var(--noile-body-size); text-align: var(--text-align); font-weight: var( --e-global-typography-text-font-weight ); color: var( --e-global-color-text ); font-family: var( --e-global-typography-text-font-family ), Sans-serif; display: inline !important;\"><img loading=\"lazy\" decoding=\"async\" src=\"https:\/\/plec.solutions\/wp-content\/uploads\/2025\/01\/evocon-downtime-tracking-and-analysis-report-oee-software-768x469.png.webp\" alt=\"\" width=\"768\" height=\"469\"><\/span><\/span><\/p>\n<p><span style=\"color: var(--noile-secondary, #a0a1a6); font-family: var(--noile-font, 'Sora', sans-serif); font-size: var(--noile-size-xl); text-align: var(--text-align); display: inline !important;\"><span style=\"font-size: var(--noile-body-size); text-align: var(--text-align); font-weight: var( --e-global-typography-text-font-weight ); color: var( --e-global-color-text ); font-family: var( --e-global-typography-text-font-family ), Sans-serif; display: inline !important;\"><strong style=\"font-size: var(--noile-body-size); text-align: var(--text-align); font-family: var( --e-global-typography-text-font-family ), Sans-serif;\">Makine Duru\u015f S\u00fcrelerini Takip Edin ve Analiz Edin<\/strong>: Duru\u015flar\u0131n k\u00f6k nedenlerini belirleyin ve kay\u0131plar\u0131 azaltmak i\u00e7in veri odakl\u0131 \u00e7\u00f6z\u00fcmler uygulay\u0131n.<\/span><\/span><\/p>\n<p><span style=\"color: var(--noile-secondary, #a0a1a6); font-family: var(--noile-font, 'Sora', sans-serif); font-size: var(--noile-size-xl); text-align: var(--text-align); display: inline !important;\"><span style=\"font-size: var(--noile-body-size); text-align: var(--text-align); font-weight: var( --e-global-typography-text-font-weight ); color: var( --e-global-color-text ); font-family: var( --e-global-typography-text-font-family ), Sans-serif; display: inline !important;\"><span style=\"font-weight: bolder; color: #a0a1a6; font-size: var(--noile-body-size); text-align: var(--text-align); font-family: var( --e-global-typography-text-font-family ), Sans-serif;\">Size \u00d6zel Raporlar<\/span><span style=\"transition-property: all; font-size: var(--noile-body-size); font-weight: var( --e-global-typography-text-font-weight ); text-align: var(--text-align); color: var( --e-global-color-text ); font-family: var( --e-global-typography-text-font-family ), Sans-serif; display: inline !important;\">: Operasyonel hedeflerinize \u00f6zel aksiyona d\u00f6n\u00fc\u015ft\u00fcr\u00fclebilir raporlar olu\u015fturun.<\/span><\/span><\/span><\/p>\n<p><\/p>\n<p><img loading=\"lazy\" decoding=\"async\" class=\"size-full wp-image-4131 alignnone\" src=\"https:\/\/plec.solutions\/wp-content\/uploads\/2025\/01\/shift-view-example-kwh-output-2048x1144-1.png\" alt=\"\" width=\"768\" height=\"429\" srcset=\"https:\/\/plec.solutions\/wp-content\/uploads\/2025\/01\/shift-view-example-kwh-output-2048x1144-1.png 768w, https:\/\/plec.solutions\/wp-content\/uploads\/2025\/01\/shift-view-example-kwh-output-2048x1144-1-300x168.png 300w, https:\/\/plec.solutions\/wp-content\/uploads\/2025\/01\/shift-view-example-kwh-output-2048x1144-1-18x10.png 18w\" sizes=\"(max-width: 768px) 100vw, 768px\" \/><\/p>\n<p><span style=\"color: var(--noile-secondary, #a0a1a6); font-family: var(--noile-font, 'Sora', sans-serif); font-size: var(--noile-size-xl); text-align: var(--text-align); display: inline !important;\"><strong style=\"font-family: var( --e-global-typography-text-font-family ), Sans-serif; text-align: var(--text-align); font-size: var(--noile-body-size);\">Enerji T\u00fcketimini \u0130zleyin<\/strong><span style=\"color: var( --e-global-color-text ); font-family: var( --e-global-typography-text-font-family ), Sans-serif; font-weight: var( --e-global-typography-text-font-weight ); text-align: var(--text-align); font-size: var(--noile-body-size); display: inline !important;\">: Enerji kullan\u0131m\u0131n\u0131 optimize ederek maliyetleri azalt\u0131n ve s\u00fcrd\u00fcr\u00fclebilirlik hedeflerinize ula\u015f\u0131n.<\/span><\/span><\/p>\n<p><\/p>\n<div><span style=\"color: var(--noile-secondary, #a0a1a6); font-family: var(--noile-font, 'Sora', sans-serif); font-size: var(--noile-size-xl); text-align: var(--text-align); display: inline !important;\"><img loading=\"lazy\" decoding=\"async\" src=\"https:\/\/plec.solutions\/wp-content\/uploads\/2025\/01\/checklists-cover-image-no-ds-768x468.png.webp\" alt=\"\" width=\"768\" height=\"468\"><\/span><\/div>\n<div>&nbsp;<\/div>\n<div><span style=\"color: var(--noile-secondary, #a0a1a6); font-family: var(--noile-font, 'Sora', sans-serif); font-size: var(--noile-size-xl); text-align: var(--text-align); display: inline !important;\"><strong style=\"font-family: var( --e-global-typography-text-font-family ), Sans-serif; text-align: var(--text-align); font-size: var(--noile-body-size);\">Kalite ve G\u00fcvenilirli\u011fi \u0130yile\u015ftirin<\/strong><span style=\"color: var( --e-global-color-text ); font-family: var( --e-global-typography-text-font-family ), Sans-serif; font-weight: var( --e-global-typography-text-font-weight ); text-align: var(--text-align); font-size: var(--noile-body-size); display: inline !important;\">: Kalite kontrollerini otomatikle\u015ftirerek \u00fcretim hatt\u0131n\u0131zda tutarl\u0131 standartlar sa\u011flay\u0131n.<\/span><\/span><\/div>\n<div><span style=\"color: var(--noile-secondary, #a0a1a6); font-family: var(--noile-font, 'Sora', sans-serif); font-size: var(--noile-size-xl); text-align: var(--text-align); display: inline !important;\"><span style=\"color: var( --e-global-color-text ); font-family: var( --e-global-typography-text-font-family ), Sans-serif; font-weight: var( --e-global-typography-text-font-weight ); text-align: var(--text-align); font-size: var(--noile-body-size); display: inline !important;\">&nbsp;<\/span><\/span><\/div>\n<p style=\"font-family: var(--noile-font, 'Sora', sans-serif); font-size: 16px; transition-property: all;\"><span style=\"transition-property: all; color: var(--noile-secondary, #a0a1a6); font-family: var(--noile-font, 'Sora', sans-serif); font-size: var(--noile-size-xl); text-align: var(--text-align); display: inline !important;\"><span style=\"font-weight: bolder; color: currentcolor; font-family: var( --e-global-typography-text-font-family ), Sans-serif; text-align: var(--text-align); font-size: var(--noile-body-size);\">Bak\u0131m Planlama<\/span><span style=\"transition-property: all; color: var( --e-global-color-text ); font-family: var( --e-global-typography-text-font-family ), Sans-serif; font-weight: var( --e-global-typography-text-font-weight ); text-align: var(--text-align); font-size: var(--noile-body-size); display: inline !important;\">: Ekipman \u00f6mr\u00fcn\u00fc uzatmak ve plans\u0131z duru\u015f s\u00fcrelerini azaltmak i\u00e7in \u00f6nleyici bak\u0131m planlar\u0131n\u0131 proaktif bir \u015fekilde y\u00f6netin.<\/span><\/span><\/p>\n<div><span style=\"transition-property: all; color: var(--noile-secondary, #a0a1a6); font-family: var(--noile-font, 'Sora', sans-serif); font-size: var(--noile-size-xl); text-align: var(--text-align); display: inline !important;\"><span style=\"transition-property: all; color: var( --e-global-color-text ); font-family: var( --e-global-typography-text-font-family ), Sans-serif; font-weight: var( --e-global-typography-text-font-weight ); text-align: var(--text-align); font-size: var(--noile-body-size); display: inline !important;\">&nbsp;<\/span><\/span><\/div>\n<p><span style=\"color: var(--noile-secondary, #a0a1a6); font-family: var(--noile-font, 'Sora', sans-serif); font-size: var(--noile-size-xl); text-align: var(--text-align); display: inline !important;\"><span style=\"color: var(--noile-primary, #1d1d1d); font-family: var(--noile-heading-font, 'Epilogue', sans-serif); font-size: 1.5rem; font-weight: 600; text-align: var(--text-align); display: inline !important;\">Evocon OEE Sistemi ile Sa\u011flanan Faydalar:<\/span><\/span><\/p>\n<ul>\n<li><strong>Artan Verimlilik<\/strong>: Ger\u00e7ek zamanl\u0131 i\u00e7g\u00f6r\u00fcler ve analizlerle verimsizlikleri giderin.<\/li>\n<li><strong>S\u00fcrd\u00fcr\u00fclebilirlik Hedefleri<\/strong>: Kay\u0131plar\u0131 azalt\u0131n ve enerji kullan\u0131m\u0131n\u0131 optimize edin.<\/li>\n<li><strong>Sorunsuz Entegrasyon<\/strong>: ERP, CMMS veya PowerBi sistemleriniz ile kolayca entegre olun.<\/li>\n<li><strong>Kestirimci Bak\u0131m<\/strong>: Tahminsel bilgiler ile ekipman ar\u0131zalar\u0131n\u0131 \u00f6nleyin.<\/li>\n<li><strong>Mevzuat Uyumlulu\u011fu<\/strong>: Otomatik kalite kontrolleri ile belgeleri basitle\u015ftirin ve denetime haz\u0131r olun.<\/li>\n<\/ul>\n<div>&nbsp;<\/div>\n<h4>Neden PLEC Solutions?<\/h4>\n<ul>\n<li class=\" translation-block\">Yerel Uzmanl\u0131k: T\u00fcrkiye\u2019de Evocon\u2019un yetkili i\u015f orta\u011f\u0131 olarak, b\u00f6lgedeki benzersiz zorluklar\u0131 ve f\u0131rsatlar\u0131 yak\u0131ndan biliyoruz.<\/li>\n<li class=\" translation-block\">Sekt\u00f6r Deneyimi: Otomotiv, G\u0131da &amp; \u0130\u00e7ecek, Kimyasal \u00dcretim ve \u0130n\u015faat Malzemeleri \u00dcretimi gibi bir \u00e7ok sekt\u00f6rde lider firmalarla 2 y\u0131l\u0131 a\u015fk\u0131n s\u00fcredir \u00e7al\u0131\u015f\u0131yoruz.<\/li>\n<li class=\" translation-block\">Kapsaml\u0131 Destek: Demo s\u00fcrecinden, devreye almaya, e\u011fitime ve optimizasyona kadar, Evocon OEE sisteminin ihtiya\u00e7lar\u0131n\u0131za uygun \u015fekilde sorunsuz bir \u015fekilde benimsenmesini sa\u011fl\u0131yoruz.<\/li>\n<\/ul>\n<p>Fabrikan\u0131z\u0131n performans\u0131n\u0131 d\u00f6n\u00fc\u015ft\u00fcr\u00fcn ve yeni verimlilik standartlar\u0131na ula\u015f\u0131n. \u00dcretim verilerinizin tam potansiyelini ortaya \u00e7\u0131karmak i\u00e7in PLEC Solutions ile i\u015f birli\u011fi yap\u0131n.<\/p>\t\t\t\t\t\t<\/div>\n\t\t\t\t<\/div>\n\t\t\t\t\t<\/div>\n\t\t\t\t<\/div>\n\t\t\t\t<\/div>","protected":false},"excerpt":{"rendered":"<p>Solutions Production Digitalisation &amp; OEE The Overall Equipment Effectiveness (OEE) system is a cornerstone for driving production excellence. As the authorized partner of Evocon in T\u00fcrkiye, PLEC Solutions has been empowering businesses across diverse industries\u2014including Automotive, Food &amp; Beverage, Chemical Manufacturing, and Construction Materials\u2014for over two&nbsp;years. Our solutions are designed to help companies enhance efficiency, [&hellip;]<\/p>","protected":false},"author":1,"featured_media":0,"parent":0,"menu_order":0,"comment_status":"closed","ping_status":"closed","template":"elementor_header_footer","meta":{"om_disable_all_campaigns":false,"_monsterinsights_skip_tracking":false,"_monsterinsights_sitenote_active":false,"_monsterinsights_sitenote_note":"","_monsterinsights_sitenote_category":0,"footnotes":""},"aioseo_notices":[],"_links":{"self":[{"href":"https:\/\/plec.solutions\/tr\/wp-json\/wp\/v2\/pages\/3619"}],"collection":[{"href":"https:\/\/plec.solutions\/tr\/wp-json\/wp\/v2\/pages"}],"about":[{"href":"https:\/\/plec.solutions\/tr\/wp-json\/wp\/v2\/types\/page"}],"author":[{"embeddable":true,"href":"https:\/\/plec.solutions\/tr\/wp-json\/wp\/v2\/users\/1"}],"replies":[{"embeddable":true,"href":"https:\/\/plec.solutions\/tr\/wp-json\/wp\/v2\/comments?post=3619"}],"version-history":[{"count":31,"href":"https:\/\/plec.solutions\/tr\/wp-json\/wp\/v2\/pages\/3619\/revisions"}],"predecessor-version":[{"id":4159,"href":"https:\/\/plec.solutions\/tr\/wp-json\/wp\/v2\/pages\/3619\/revisions\/4159"}],"wp:attachment":[{"href":"https:\/\/plec.solutions\/tr\/wp-json\/wp\/v2\/media?parent=3619"}],"curies":[{"name":"wp","href":"https:\/\/api.w.org\/{rel}","templated":true}]}}