{"id":90,"date":"2023-10-08T04:36:39","date_gmt":"2023-10-08T04:36:39","guid":{"rendered":"http:\/\/noile-demo.local\/?page_id=90"},"modified":"2024-02-23T19:30:04","modified_gmt":"2024-02-23T19:30:04","slug":"speacial-testing-automation","status":"publish","type":"page","link":"https:\/\/plec.solutions\/tr\/speacial-testing-automation\/","title":{"rendered":"Special Testing &#038; Automation"},"content":{"rendered":"<div data-elementor-type=\"wp-page\" data-elementor-id=\"90\" class=\"elementor elementor-90\">\n\t\t\t\t<div class=\"elementor-element elementor-element-7adef73 e-flex e-con-boxed e-con e-parent\" data-id=\"7adef73\" data-element_type=\"container\" data-settings=\"{&quot;content_width&quot;:&quot;boxed&quot;}\" data-core-v316-plus=\"true\">\n\t\t\t\t\t<div class=\"e-con-inner\">\n\t\t\t\t<div class=\"elementor-element elementor-element-e059d5d elementor-widget elementor-widget-noile-image-box\" data-id=\"e059d5d\" data-element_type=\"widget\" data-widget_type=\"noile-image-box.default\">\n\t\t\t\t<div class=\"elementor-widget-container\">\n\t\t\t\t<div class=\"case-study-details__img-box\">\r\n\t\t<img decoding=\"async\" src=\"https:\/\/plec.solutions\/wp-content\/uploads\/2024\/02\/Speacial-Testing-Automation-2.jpg\" alt=\"Speacial Testing &amp; Automation 2\" title=\"Speacial Testing &#038; Automation 2\" class=\"case-study-details__img\" >\t\t<p class=\"case-study-details__card-category\">\u00c7\u00f6z\u00fcmler<\/p>\r\n\t<\/div>\r\n\t\t<\/div>\n\t\t\t\t<\/div>\n\t\t\t\t\t<\/div>\n\t\t\t\t<\/div>\n\t\t<div class=\"elementor-element elementor-element-ff17633 e-flex e-con-boxed e-con e-parent\" data-id=\"ff17633\" data-element_type=\"container\" data-settings=\"{&quot;content_width&quot;:&quot;boxed&quot;}\" data-core-v316-plus=\"true\">\n\t\t\t\t\t<div class=\"e-con-inner\">\n\t\t\t\t<div class=\"elementor-element elementor-element-24ce061 elementor-widget elementor-widget-text-editor\" data-id=\"24ce061\" data-element_type=\"widget\" data-widget_type=\"text-editor.default\">\n\t\t\t\t<div class=\"elementor-widget-container\">\n\t\t\t<style>\/*! elementor - v3.19.0 - 07-02-2024 *\/\n.elementor-widget-text-editor.elementor-drop-cap-view-stacked .elementor-drop-cap{background-color:#69727d;color:#fff}.elementor-widget-text-editor.elementor-drop-cap-view-framed .elementor-drop-cap{color:#69727d;border:3px solid;background-color:transparent}.elementor-widget-text-editor:not(.elementor-drop-cap-view-default) .elementor-drop-cap{margin-top:8px}.elementor-widget-text-editor:not(.elementor-drop-cap-view-default) .elementor-drop-cap-letter{width:1em;height:1em}.elementor-widget-text-editor .elementor-drop-cap{float:left;text-align:center;line-height:1;font-size:50px}.elementor-widget-text-editor .elementor-drop-cap-letter{display:inline-block}<\/style>\t\t\t\t<h3>Speacial Testing &amp; Automation<\/h3>\t\t\t\t\t\t<\/div>\n\t\t\t\t<\/div>\n\t\t\t\t<div class=\"elementor-element elementor-element-650f184 elementor-widget elementor-widget-text-editor\" data-id=\"650f184\" data-element_type=\"widget\" data-widget_type=\"text-editor.default\">\n\t\t\t\t<div class=\"elementor-widget-container\">\n\t\t\t\t\t\t\t<p>Project Summary: Specialized Hydraulic Test Machine Implementation<\/p><p>Introduction: A plastics industry leader required a specialized hydraulic test machine for rigorous component testing. PLEC Solutions engineered a tailored solution to meet their standards.<\/p><p>Approach: Consultation: Collaborated closely to understand unique testing needs.<\/p><p>Custom Design: Crafted a bespoke design to match specifications. Manufacturing: Built machine to highest standards with advanced techniques.<\/p><p>Integration: Seamlessly integrated machine into client&#8217;s facility.<\/p><p>Training: Provided comprehensive staff training for efficient operation.<\/p><p>Results: The specialized machine enhanced testing capabilities, increased efficiency, and improved product quality, earning high client satisfaction.<\/p><p>Conclusion: Through collaboration and innovation, PLEC Solutions delivered an efficient hydraulic test solution, showcasing expertise in engineering.<\/p>\t\t\t\t\t\t<\/div>\n\t\t\t\t<\/div>\n\t\t\t\t\t<\/div>\n\t\t\t\t<\/div>\n\t\t\t\t<\/div>","protected":false},"excerpt":{"rendered":"<p>Solutions Speacial Testing &amp; Automation Project Summary: Specialized Hydraulic Test Machine Implementation Introduction: A plastics industry leader required a specialized hydraulic test machine for rigorous component testing. PLEC Solutions engineered a tailored solution to meet their standards. Approach: Consultation: Collaborated closely to understand unique testing needs. Custom Design: Crafted a bespoke design to match specifications. [&hellip;]<\/p>","protected":false},"author":1,"featured_media":0,"parent":0,"menu_order":0,"comment_status":"closed","ping_status":"closed","template":"elementor_header_footer","meta":{"om_disable_all_campaigns":false,"_monsterinsights_skip_tracking":false,"_monsterinsights_sitenote_active":false,"_monsterinsights_sitenote_note":"","_monsterinsights_sitenote_category":0,"footnotes":""},"aioseo_notices":[],"_links":{"self":[{"href":"https:\/\/plec.solutions\/tr\/wp-json\/wp\/v2\/pages\/90"}],"collection":[{"href":"https:\/\/plec.solutions\/tr\/wp-json\/wp\/v2\/pages"}],"about":[{"href":"https:\/\/plec.solutions\/tr\/wp-json\/wp\/v2\/types\/page"}],"author":[{"embeddable":true,"href":"https:\/\/plec.solutions\/tr\/wp-json\/wp\/v2\/users\/1"}],"replies":[{"embeddable":true,"href":"https:\/\/plec.solutions\/tr\/wp-json\/wp\/v2\/comments?post=90"}],"version-history":[{"count":31,"href":"https:\/\/plec.solutions\/tr\/wp-json\/wp\/v2\/pages\/90\/revisions"}],"predecessor-version":[{"id":3843,"href":"https:\/\/plec.solutions\/tr\/wp-json\/wp\/v2\/pages\/90\/revisions\/3843"}],"wp:attachment":[{"href":"https:\/\/plec.solutions\/tr\/wp-json\/wp\/v2\/media?parent=90"}],"curies":[{"name":"wp","href":"https:\/\/api.w.org\/{rel}","templated":true}]}}